{"id":25,"date":"2018-08-22T13:51:32","date_gmt":"2018-08-22T11:51:32","guid":{"rendered":"http:\/\/wildlife-workshop.de\/?page_id=25"},"modified":"2020-11-21T07:49:04","modified_gmt":"2020-11-21T06:49:04","slug":"fotomoeglichkeiten","status":"publish","type":"page","link":"http:\/\/wildlife-workshop.de\/?page_id=25","title":{"rendered":"Fotom\u00f6glichkeiten"},"content":{"rendered":"<section class=\"l-section wpb_row height_auto width_full\"><div class=\"l-section-h i-cf\"><div class=\"g-cols vc_row via_flex valign_middle type_boxes stacking_default\"><div class=\"vc_col-sm-6 wpb_column vc_column_container has_bg_color\"><div class=\"vc_column-inner us_custom_1d098ab1\"><div class=\"wpb_wrapper\"><div class=\"w-separator size_custom\" style=\"height:200\"><\/div><\/div><\/div><\/div><div class=\"vc_col-sm-6 wpb_column vc_column_container us_animate_afr\"><div class=\"vc_column-inner\"><div class=\"wpb_wrapper\"><div class=\"wpb_text_column\"><div class=\"wpb_wrapper\"><h3><strong>Wildlifefotografie im Leinebergland<\/strong><\/h3>\n<h5><strong>Ansitzh\u00fctten, Fotopl\u00e4tze und Hides mieten<\/strong><\/h5>\n<p>Das Leinebergland bei Hannover mit seinen vielen Kiesteichen ist ein Paradies f\u00fcr Naturfotografen und Naturliebhaber.<\/p>\n<p>Anfang der 70er Jahre entstanden entlang der Leine zwischen Hannover und G\u00f6ttingen sehr viele Kiesabbaugebiete. Viele Teiche und auch gr\u00f6\u00dfere Seen sind damals entstanden und bieten heute einer immensen Anzahl von Tier- und Pflanzenarten einen neuen Lebensraum. Viele dieser Teiche liegen seit mehr als 30 Jahren abseits von Industrie und Ortschaften und sind sich selbst \u00fcberlassen \u2013 so entstand hier ein Eldorado f\u00fcr Naturliebhaber.<\/p>\n<\/div><\/div><\/div><\/div><\/div><\/div><\/div><\/section><section class=\"l-section wpb_row height_auto width_full\"><div class=\"l-section-h i-cf\"><div class=\"g-cols vc_row via_flex valign_middle type_boxes stacking_default\"><div class=\"vc_col-sm-6 wpb_column vc_column_container us_animate_afl\"><div class=\"vc_column-inner\"><div class=\"wpb_wrapper\"><div class=\"wpb_text_column\"><div class=\"wpb_wrapper\"><h3>Das ganze Jahr \u00fcber<\/h3>\n<p>Mir ist es in den vergangenen 15 Jahren gelungen, in diesem Gebiet einige attraktive Grundst\u00fccke zu pachten. Ideale Voraussetzungen, um hier unbeschwert der fotografischen Leidenschaft, der Tarn- und Ansitzfotografie nachzugehen.\u00a0Mittlerweile habe ich 12 verschiedene feste Ansitzh\u00fctten an den unterschiedlichsten Fotopl\u00e4tzen. Sie haben dadurch die M\u00f6glichkeit, je nach Jahreszeit die unterschiedlichsten Tierarten abzulichten. Die Ansitzh\u00fctten k\u00f6nnen jederzeit gemietet werden.<\/p>\n<\/div><\/div><\/div><\/div><\/div><div class=\"vc_col-sm-6 wpb_column vc_column_container has_bg_color\"><div class=\"vc_column-inner us_custom_0f0b4b8e\"><div class=\"wpb_wrapper\"><div class=\"w-separator size_custom\" style=\"height:200\"><\/div><\/div><\/div><\/div><\/div><\/div><\/section><section class=\"l-section wpb_row height_auto width_full\"><div class=\"l-section-h i-cf\"><div class=\"g-cols vc_row via_flex valign_middle type_boxes stacking_default\"><div class=\"vc_col-sm-6 wpb_column vc_column_container has_bg_color\"><div class=\"vc_column-inner us_custom_38d68ec4\"><div class=\"wpb_wrapper\"><div class=\"w-separator size_custom\" style=\"height:200\"><\/div><\/div><\/div><\/div><div class=\"vc_col-sm-6 wpb_column vc_column_container us_animate_afr\"><div class=\"vc_column-inner\"><div class=\"wpb_wrapper\"><div class=\"wpb_text_column\"><div class=\"wpb_wrapper\"><h3>Gro\u00dfe Artenvielfalt<\/h3>\n<p>An den verschiedenen Pl\u00e4tzen sind anzutreffen:<br \/>\nMein Lieblingsvogel \u2013 der\u00a0Eisvogel. Hier findet er den Lebensraum, den er braucht. Steilw\u00e4nde aus Lehm oder abgebrochene Steilkanten an stillgelegten Kieskuhlen.\u00a0Nirgendwo in ganz Deutschland wird man eine bessere Eisvogellocation finden. Hier kann man dem Eisvogel wirklich nahe sein, zum Greifen nah. Bis auf wenige Meter kommt er beim Fischfang an die Ansitzh\u00fctte. Gute formatf\u00fcllende Aufnahmen in absolut naturbelassener Landschaft sind hier garantiert.<br \/>\nNeben zahlreichen Limikolen gibt es hier auch Zwergtaucher, Haubentaucher,\u00a0 G\u00e4nses\u00e4ger,\u00a0Grau- und Silberreiher sowie die gro\u00dfe Rohrdommel.<br \/>\nAls Winterg\u00e4ste oder Durchz\u00fcgler finden sich immer wieder seltene Spezies ein. An den Winterf\u00fctterungen kann man regelm\u00e4\u00dfig neben Greifen auch verschiedene Singv\u00f6gel, Spechte und Eichelh\u00e4her beobachten.Grau-, Gr\u00fcn-, Mittel- und\u00a0Buntspecht finden hier in den Silberpappeln und alten Weiden einen idealen Lebensraum. Auch Turmfalken und Bussarde sowie Milan und Waldohreulen br\u00fcten jedes Jahr in den hohen Pappeln entlang der Leine. Nat\u00fcrlich bietet dieses Gebiet auch Fuchs und Dachs einen idealen Lebensraum \u2013 in j\u00fcngerer Zeit auch Marderhund und Waschb\u00e4r. Ausserdem k\u00f6nnen Rehwild, mit Gl\u00fcck auch Rotwild und Wildschweine beobachtet und fotografiert werden. Kurz gesagt \u2013 ideale Bedingungen f\u00fcr Tierbeobachtungen und Fotografie. Ein Gebiet in fast v\u00f6lliger Abgeschiedenheit.<\/p>\n<\/div><\/div><\/div><\/div><\/div><\/div><\/div><\/section><section class=\"l-section wpb_row height_auto width_full\"><div class=\"l-section-h i-cf\"><div class=\"g-cols vc_row via_flex valign_middle type_boxes stacking_default\"><div class=\"vc_col-sm-6 wpb_column vc_column_container us_animate_afl\"><div class=\"vc_column-inner\"><div class=\"wpb_wrapper\"><div class=\"wpb_text_column\"><div class=\"wpb_wrapper\"><h3>Exzellente Revierkenntnisse<\/h3>\n<p>Da ich t\u00e4glich in diesem Revier unterwegs bin, weiss ich stets \u00fcber die \u00fcber die verschiedenen Fotom\u00f6glichkeiten Bescheid. Ich bringe Sie gezielt an einen &#8222;Hotspot&#8220;, so dass Ihr Fotoerlebnis garantiert ist.<br \/>\nBei Bedarf kann auch ein Wechsel der H\u00fctten erfolgen, um die jeweils besten Lichtverh\u00e4ltnisse zu nutzen. Ich bringe Sie bei Tagesanbruch an die Ansitzh\u00fctte und hole Sie nach Anruf wieder ab. In den ger\u00e4umigen H\u00fctten kann vom Bohnensack aus fotografiert werden. Ein Lunchpaket kann bei Bedarf am Vortag geordert werden.<br \/>\nAm Abend k\u00f6nnen wir, je nach Lust und Laune, noch eine kleine Bildbesprechung bei einer hei\u00dfen Tasse Kaffee oder Tee machen.<br \/>\nBei gef\u00fchrten Exkursionen durch dieses Gebiet oder bei einem Ansitz aus einer der sch\u00f6nen H\u00fctten k\u00f6nnen Sie hier noch echte Naturerlebnisse genie\u00dfen.<\/p>\n<\/div><\/div><\/div><\/div><\/div><div class=\"vc_col-sm-6 wpb_column vc_column_container has_bg_color\"><div class=\"vc_column-inner us_custom_b1add6ca\"><div class=\"wpb_wrapper\"><div class=\"w-separator size_custom\" style=\"height:200\"><\/div><\/div><\/div><\/div><\/div><\/div><\/section><section class=\"l-section wpb_row height_auto width_full\"><div class=\"l-section-h i-cf\"><div class=\"g-cols vc_row via_flex valign_middle type_boxes stacking_default\"><div class=\"vc_col-sm-6 wpb_column vc_column_container has_bg_color\"><div class=\"vc_column-inner us_custom_25acc35d\"><div class=\"wpb_wrapper\"><div class=\"w-separator size_custom\" style=\"height:200\"><\/div><\/div><\/div><\/div><div class=\"vc_col-sm-6 wpb_column vc_column_container us_animate_afr\"><div class=\"vc_column-inner\"><div class=\"wpb_wrapper\"><div class=\"w-grid us_grid type_grid layout_262 cols_3 preload_style_spinner\" id=\"us_grid_1\" style=\"--columns:3;--gap:1.5rem;\" data-filterable=\"true\"><style>@media (max-width:1024px){#us_grid_1{--columns:2!important}}@media (max-width:600px){#us_grid_1{--columns:1!important}}.layout_262 .w-grid-item-h{}.layout_262 .usg_post_image_1{transition-duration:0.3s;transform:scale(1) translate(0%,0%)}.layout_262 .w-grid-item-h:focus-within .usg_post_image_1,.layout_262 .w-grid-item-h:hover .usg_post_image_1{transform:scale(1) translate(0%,0%);opacity:1}.layout_262 .usg_post_title_1{font-family:var(--h1-font-family)!important;font-size:1.2rem!important}.layout_262 .usg_post_title_2{font-family:var(--font-family)!important;font-size:1.0rem!important}<\/style><div class=\"w-grid-list\">\t<article class=\"w-grid-item size_1x1 post-318 us_portfolio type-us_portfolio status-publish has-post-thumbnail hentry us_portfolio_category-fotomoeglichkeiten\" data-id=\"318\">\r\n\t\t<div class=\"w-grid-item-h\">\r\n\t\t\t\t\t\t<div class=\"w-post-elm post_image usg_post_image_1 stretched\"><a href=\"http:\/\/wildlife-workshop.de\/?us_portfolio=ansitzhuette-blessralle\" aria-label=\"Ansitzh\u00fctte \u00bbBlessralle\u00ab\"><img loading=\"lazy\" decoding=\"async\" width=\"800\" height=\"534\" src=\"http:\/\/wildlife-workshop.de\/wp-content\/uploads\/2018\/08\/huette_9.jpg\" class=\"attachment-large size-large wp-post-image\" alt=\"\" srcset=\"http:\/\/wildlife-workshop.de\/wp-content\/uploads\/2018\/08\/huette_9.jpg 800w, http:\/\/wildlife-workshop.de\/wp-content\/uploads\/2018\/08\/huette_9-300x200.jpg 300w, http:\/\/wildlife-workshop.de\/wp-content\/uploads\/2018\/08\/huette_9-768x513.jpg 768w\" sizes=\"auto, (max-width: 800px) 100vw, 800px\" \/><\/a><\/div><h6 class=\"w-post-elm post_title usg_post_title_2 entry-title color_link_inherit\"><a href=\"http:\/\/wildlife-workshop.de\/?us_portfolio=ansitzhuette-blessralle\">Ansitzh\u00fctte \u00bbBlessralle\u00ab<\/a><\/h6>\t\t<\/div>\r\n\t\t\t<\/article>\r\n\t<article class=\"w-grid-item size_1x1 post-312 us_portfolio type-us_portfolio status-publish has-post-thumbnail hentry us_portfolio_category-fotomoeglichkeiten\" data-id=\"312\">\r\n\t\t<div class=\"w-grid-item-h\">\r\n\t\t\t\t\t\t<div class=\"w-post-elm post_image usg_post_image_1 stretched\"><a href=\"http:\/\/wildlife-workshop.de\/?us_portfolio=ansitzhuette-schwanensee\" aria-label=\"Ansitzh\u00fctte \u00bbSchwanensee\u00ab\"><img loading=\"lazy\" decoding=\"async\" width=\"800\" height=\"534\" src=\"http:\/\/wildlife-workshop.de\/wp-content\/uploads\/2018\/08\/huette_8.jpg\" class=\"attachment-large size-large wp-post-image\" alt=\"\" srcset=\"http:\/\/wildlife-workshop.de\/wp-content\/uploads\/2018\/08\/huette_8.jpg 800w, http:\/\/wildlife-workshop.de\/wp-content\/uploads\/2018\/08\/huette_8-300x200.jpg 300w, http:\/\/wildlife-workshop.de\/wp-content\/uploads\/2018\/08\/huette_8-768x513.jpg 768w\" sizes=\"auto, (max-width: 800px) 100vw, 800px\" \/><\/a><\/div><h6 class=\"w-post-elm post_title usg_post_title_2 entry-title color_link_inherit\"><a href=\"http:\/\/wildlife-workshop.de\/?us_portfolio=ansitzhuette-schwanensee\">Ansitzh\u00fctte \u00bbSchwanensee\u00ab<\/a><\/h6>\t\t<\/div>\r\n\t\t\t<\/article>\r\n\t<article class=\"w-grid-item size_1x1 post-303 us_portfolio type-us_portfolio status-publish has-post-thumbnail hentry us_portfolio_category-fotomoeglichkeiten\" data-id=\"303\">\r\n\t\t<div class=\"w-grid-item-h\">\r\n\t\t\t\t\t\t<div class=\"w-post-elm post_image usg_post_image_1 stretched\"><a href=\"http:\/\/wildlife-workshop.de\/?us_portfolio=ansitzhuette-bussard\" aria-label=\"Ansitzh\u00fctte \u00bbBussard\u00ab\"><img loading=\"lazy\" decoding=\"async\" width=\"800\" height=\"534\" src=\"http:\/\/wildlife-workshop.de\/wp-content\/uploads\/2018\/08\/huette_7.jpg\" class=\"attachment-large size-large wp-post-image\" alt=\"\" srcset=\"http:\/\/wildlife-workshop.de\/wp-content\/uploads\/2018\/08\/huette_7.jpg 800w, http:\/\/wildlife-workshop.de\/wp-content\/uploads\/2018\/08\/huette_7-300x200.jpg 300w, http:\/\/wildlife-workshop.de\/wp-content\/uploads\/2018\/08\/huette_7-768x513.jpg 768w\" sizes=\"auto, (max-width: 800px) 100vw, 800px\" \/><\/a><\/div><h6 class=\"w-post-elm post_title usg_post_title_2 entry-title color_link_inherit\"><a href=\"http:\/\/wildlife-workshop.de\/?us_portfolio=ansitzhuette-bussard\">Ansitzh\u00fctte \u00bbBussard\u00ab<\/a><\/h6>\t\t<\/div>\r\n\t\t\t<\/article>\r\n\t<article class=\"w-grid-item size_1x1 post-298 us_portfolio type-us_portfolio status-publish has-post-thumbnail hentry us_portfolio_category-fotomoeglichkeiten\" data-id=\"298\">\r\n\t\t<div class=\"w-grid-item-h\">\r\n\t\t\t\t\t\t<div class=\"w-post-elm post_image usg_post_image_1 stretched\"><a href=\"http:\/\/wildlife-workshop.de\/?us_portfolio=ansitzhuette-graureiher\" aria-label=\"Ansitzh\u00fctte \u00bbGraureiher\u00ab\"><img loading=\"lazy\" decoding=\"async\" width=\"800\" height=\"534\" src=\"http:\/\/wildlife-workshop.de\/wp-content\/uploads\/2018\/08\/huette_6.jpg\" class=\"attachment-large size-large wp-post-image\" alt=\"\" srcset=\"http:\/\/wildlife-workshop.de\/wp-content\/uploads\/2018\/08\/huette_6.jpg 800w, http:\/\/wildlife-workshop.de\/wp-content\/uploads\/2018\/08\/huette_6-300x200.jpg 300w, http:\/\/wildlife-workshop.de\/wp-content\/uploads\/2018\/08\/huette_6-768x513.jpg 768w\" sizes=\"auto, (max-width: 800px) 100vw, 800px\" \/><\/a><\/div><h6 class=\"w-post-elm post_title usg_post_title_2 entry-title color_link_inherit\"><a href=\"http:\/\/wildlife-workshop.de\/?us_portfolio=ansitzhuette-graureiher\">Ansitzh\u00fctte \u00bbGraureiher\u00ab<\/a><\/h6>\t\t<\/div>\r\n\t\t\t<\/article>\r\n\t<article class=\"w-grid-item size_1x1 post-292 us_portfolio type-us_portfolio status-publish has-post-thumbnail hentry us_portfolio_category-fotomoeglichkeiten\" data-id=\"292\">\r\n\t\t<div class=\"w-grid-item-h\">\r\n\t\t\t\t\t\t<div class=\"w-post-elm post_image usg_post_image_1 stretched\"><a href=\"http:\/\/wildlife-workshop.de\/?us_portfolio=ansitzhuette-feldlerche\" aria-label=\"Ansitzh\u00fctte \u00bbFeldlerche\u00ab\"><img loading=\"lazy\" decoding=\"async\" width=\"800\" height=\"533\" src=\"http:\/\/wildlife-workshop.de\/wp-content\/uploads\/2018\/08\/huette_5b.jpg\" class=\"attachment-large size-large wp-post-image\" alt=\"\" srcset=\"http:\/\/wildlife-workshop.de\/wp-content\/uploads\/2018\/08\/huette_5b.jpg 800w, http:\/\/wildlife-workshop.de\/wp-content\/uploads\/2018\/08\/huette_5b-300x200.jpg 300w, http:\/\/wildlife-workshop.de\/wp-content\/uploads\/2018\/08\/huette_5b-768x512.jpg 768w\" sizes=\"auto, (max-width: 800px) 100vw, 800px\" \/><\/a><\/div><h6 class=\"w-post-elm post_title usg_post_title_2 entry-title color_link_inherit\"><a href=\"http:\/\/wildlife-workshop.de\/?us_portfolio=ansitzhuette-feldlerche\">Ansitzh\u00fctte \u00bbFeldlerche\u00ab<\/a><\/h6>\t\t<\/div>\r\n\t\t\t<\/article>\r\n\t<article class=\"w-grid-item size_1x1 post-287 us_portfolio type-us_portfolio status-publish has-post-thumbnail hentry us_portfolio_category-fotomoeglichkeiten\" data-id=\"287\">\r\n\t\t<div class=\"w-grid-item-h\">\r\n\t\t\t\t\t\t<div class=\"w-post-elm post_image usg_post_image_1 stretched\"><a href=\"http:\/\/wildlife-workshop.de\/?us_portfolio=ansitzhuette-haubentaucher\" aria-label=\"Ansitzh\u00fctte \u00bbHaubentaucher\u00ab\"><img loading=\"lazy\" decoding=\"async\" width=\"800\" height=\"534\" src=\"http:\/\/wildlife-workshop.de\/wp-content\/uploads\/2018\/08\/huette_4.jpg\" class=\"attachment-large size-large wp-post-image\" alt=\"\" srcset=\"http:\/\/wildlife-workshop.de\/wp-content\/uploads\/2018\/08\/huette_4.jpg 800w, http:\/\/wildlife-workshop.de\/wp-content\/uploads\/2018\/08\/huette_4-300x200.jpg 300w, http:\/\/wildlife-workshop.de\/wp-content\/uploads\/2018\/08\/huette_4-768x513.jpg 768w\" sizes=\"auto, (max-width: 800px) 100vw, 800px\" \/><\/a><\/div><h6 class=\"w-post-elm post_title usg_post_title_2 entry-title color_link_inherit\"><a href=\"http:\/\/wildlife-workshop.de\/?us_portfolio=ansitzhuette-haubentaucher\">Ansitzh\u00fctte \u00bbHaubentaucher\u00ab<\/a><\/h6>\t\t<\/div>\r\n\t\t\t<\/article>\r\n\t<article class=\"w-grid-item size_1x1 post-275 us_portfolio type-us_portfolio status-publish has-post-thumbnail hentry us_portfolio_category-fotomoeglichkeiten\" data-id=\"275\">\r\n\t\t<div class=\"w-grid-item-h\">\r\n\t\t\t\t\t\t<div class=\"w-post-elm post_image usg_post_image_1 stretched\"><a href=\"http:\/\/wildlife-workshop.de\/?us_portfolio=ansitzhuette-bunker\" aria-label=\"Ansitzh\u00fctte \u00bbBunker\u00ab\"><img loading=\"lazy\" decoding=\"async\" width=\"800\" height=\"534\" src=\"http:\/\/wildlife-workshop.de\/wp-content\/uploads\/2018\/08\/huette_3.jpg\" class=\"attachment-large size-large wp-post-image\" alt=\"\" srcset=\"http:\/\/wildlife-workshop.de\/wp-content\/uploads\/2018\/08\/huette_3.jpg 800w, http:\/\/wildlife-workshop.de\/wp-content\/uploads\/2018\/08\/huette_3-300x200.jpg 300w, http:\/\/wildlife-workshop.de\/wp-content\/uploads\/2018\/08\/huette_3-768x513.jpg 768w\" sizes=\"auto, (max-width: 800px) 100vw, 800px\" \/><\/a><\/div><h6 class=\"w-post-elm post_title usg_post_title_2 entry-title color_link_inherit\"><a href=\"http:\/\/wildlife-workshop.de\/?us_portfolio=ansitzhuette-bunker\">Ansitzh\u00fctte \u00bbBunker\u00ab<\/a><\/h6>\t\t<\/div>\r\n\t\t\t<\/article>\r\n\t<article class=\"w-grid-item size_1x1 post-270 us_portfolio type-us_portfolio status-publish has-post-thumbnail hentry us_portfolio_category-fotomoeglichkeiten\" data-id=\"270\">\r\n\t\t<div class=\"w-grid-item-h\">\r\n\t\t\t\t\t\t<div class=\"w-post-elm post_image usg_post_image_1 stretched\"><a href=\"http:\/\/wildlife-workshop.de\/?us_portfolio=ansitzhuette-eisvogel\" aria-label=\"Ansitzh\u00fctte \u00bbEisvogel\u00ab\"><img loading=\"lazy\" decoding=\"async\" width=\"800\" height=\"534\" src=\"http:\/\/wildlife-workshop.de\/wp-content\/uploads\/2018\/08\/huette_2.jpg\" class=\"attachment-large size-large wp-post-image\" alt=\"\" srcset=\"http:\/\/wildlife-workshop.de\/wp-content\/uploads\/2018\/08\/huette_2.jpg 800w, http:\/\/wildlife-workshop.de\/wp-content\/uploads\/2018\/08\/huette_2-300x200.jpg 300w, http:\/\/wildlife-workshop.de\/wp-content\/uploads\/2018\/08\/huette_2-768x513.jpg 768w\" sizes=\"auto, (max-width: 800px) 100vw, 800px\" \/><\/a><\/div><h6 class=\"w-post-elm post_title usg_post_title_2 entry-title color_link_inherit\"><a href=\"http:\/\/wildlife-workshop.de\/?us_portfolio=ansitzhuette-eisvogel\">Ansitzh\u00fctte \u00bbEisvogel\u00ab<\/a><\/h6>\t\t<\/div>\r\n\t\t\t<\/article>\r\n\t<article class=\"w-grid-item size_1x1 post-118 us_portfolio type-us_portfolio status-publish has-post-thumbnail hentry us_portfolio_category-fotomoeglichkeiten\" data-id=\"118\">\r\n\t\t<div class=\"w-grid-item-h\">\r\n\t\t\t\t\t\t<div class=\"w-post-elm post_image usg_post_image_1 stretched\"><a href=\"http:\/\/wildlife-workshop.de\/?us_portfolio=ansitzhuette-sperber\" aria-label=\"Ansitzh\u00fctte \u00bbSperber\u00ab\"><img loading=\"lazy\" decoding=\"async\" width=\"800\" height=\"534\" src=\"http:\/\/wildlife-workshop.de\/wp-content\/uploads\/2018\/08\/huette_1.jpg\" class=\"attachment-large size-large wp-post-image\" alt=\"\" srcset=\"http:\/\/wildlife-workshop.de\/wp-content\/uploads\/2018\/08\/huette_1.jpg 800w, http:\/\/wildlife-workshop.de\/wp-content\/uploads\/2018\/08\/huette_1-300x200.jpg 300w, http:\/\/wildlife-workshop.de\/wp-content\/uploads\/2018\/08\/huette_1-768x513.jpg 768w\" sizes=\"auto, (max-width: 800px) 100vw, 800px\" \/><\/a><\/div><h6 class=\"w-post-elm post_title usg_post_title_2 entry-title color_link_inherit\"><a href=\"http:\/\/wildlife-workshop.de\/?us_portfolio=ansitzhuette-sperber\">Ansitzh\u00fctte \u00bbSperber\u00ab<\/a><\/h6>\t\t<\/div>\r\n\t\t\t<\/article>\r\n<\/div>\t<div class=\"w-grid-preloader\">\r\n\t\t<div class=\"g-preloader type_1\">\r\n\t\t\t<div><\/div>\r\n\t\t<\/div>\r\n\t<\/div>\r\n\t\t<div class=\"w-grid-json hidden\" onclick='return {&quot;action&quot;:&quot;us_ajax_grid&quot;,&quot;infinite_scroll&quot;:0,&quot;max_num_pages&quot;:1,&quot;pagination&quot;:&quot;none&quot;,&quot;template_vars&quot;:{&quot;columns&quot;:&quot;3&quot;,&quot;exclude_items&quot;:&quot;none&quot;,&quot;img_size&quot;:&quot;default&quot;,&quot;ignore_items_size&quot;:0,&quot;items_layout&quot;:&quot;262&quot;,&quot;items_offset&quot;:&quot;1&quot;,&quot;load_animation&quot;:&quot;none&quot;,&quot;overriding_link&quot;:&quot;{\\&quot;url\\&quot;:\\&quot;\\&quot;}&quot;,&quot;post_id&quot;:0,&quot;query_args&quot;:{&quot;post_type&quot;:[&quot;us_portfolio&quot;],&quot;tax_query&quot;:[{&quot;taxonomy&quot;:&quot;us_portfolio_category&quot;,&quot;field&quot;:&quot;slug&quot;,&quot;terms&quot;:[&quot;fotomoeglichkeiten&quot;]}],&quot;post_status&quot;:[&quot;publish&quot;],&quot;posts_per_page&quot;:&quot;10&quot;},&quot;orderby_query_args&quot;:{&quot;orderby&quot;:{&quot;date&quot;:&quot;DESC&quot;}},&quot;type&quot;:&quot;grid&quot;,&quot;us_grid_post_type&quot;:&quot;us_portfolio&quot;,&quot;us_grid_ajax_index&quot;:1,&quot;us_grid_filter_query_string&quot;:null,&quot;us_grid_index&quot;:1,&quot;page_args&quot;:[]}}'><\/div>\r\n\t<\/div><\/div><\/div><\/div><\/div><\/div><\/section><section class=\"l-section wpb_row height_medium\"><div class=\"l-section-overlay\" style=\"background:#a2c270\"><\/div><div class=\"l-section-h i-cf\"><div class=\"g-cols vc_row via_flex valign_top type_default stacking_default\"><div class=\"vc_col-sm-12 wpb_column vc_column_container\"><div class=\"vc_column-inner\"><div class=\"wpb_wrapper\"><\/div><\/div><\/div><\/div><\/div><\/section>\n","protected":false},"excerpt":{"rendered":"Die Ansitzh\u00fctten k\u00f6nnen nach Verf\u00fcgbarkeit auch w\u00e4hrend des Buchungszeitraumes gewechselt werden. 1 Tag: 150 \u20ac2 Tage: 295 \u20ac3 Tage: 395 \u20ac Preis pro Person Sie haben Fragen? Wir beantworten sie gerne: 0177\u20138877835naturfoto2000@aol.comWeitere Informationen zur Buchung und Durchf\u00fchrung finden Sie auch auf unserer\u00a0Workshop-Info-Seite. Ansitzh\u00fctte \u00bbSperber\u00ab Platz f\u00fcr 4 Personen In dieser ger\u00e4umigen H\u00fctte erwartet Sie ein...","protected":false},"author":1,"featured_media":0,"parent":0,"menu_order":0,"comment_status":"closed","ping_status":"closed","template":"","meta":{"footnotes":""},"class_list":["post-25","page","type-page","status-publish","hentry"],"_links":{"self":[{"href":"http:\/\/wildlife-workshop.de\/index.php?rest_route=\/wp\/v2\/pages\/25","targetHints":{"allow":["GET"]}}],"collection":[{"href":"http:\/\/wildlife-workshop.de\/index.php?rest_route=\/wp\/v2\/pages"}],"about":[{"href":"http:\/\/wildlife-workshop.de\/index.php?rest_route=\/wp\/v2\/types\/page"}],"author":[{"embeddable":true,"href":"http:\/\/wildlife-workshop.de\/index.php?rest_route=\/wp\/v2\/users\/1"}],"replies":[{"embeddable":true,"href":"http:\/\/wildlife-workshop.de\/index.php?rest_route=%2Fwp%2Fv2%2Fcomments&post=25"}],"version-history":[{"count":24,"href":"http:\/\/wildlife-workshop.de\/index.php?rest_route=\/wp\/v2\/pages\/25\/revisions"}],"predecessor-version":[{"id":1062,"href":"http:\/\/wildlife-workshop.de\/index.php?rest_route=\/wp\/v2\/pages\/25\/revisions\/1062"}],"wp:attachment":[{"href":"http:\/\/wildlife-workshop.de\/index.php?rest_route=%2Fwp%2Fv2%2Fmedia&parent=25"}],"curies":[{"name":"wp","href":"https:\/\/api.w.org\/{rel}","templated":true}]}}