{"id":163,"date":"2018-08-23T08:45:32","date_gmt":"2018-08-23T06:45:32","guid":{"rendered":"http:\/\/wildlife-workshop.de\/?page_id=163"},"modified":"2020-11-21T07:49:04","modified_gmt":"2020-11-21T06:49:04","slug":"orchideen-frauenschuh","status":"publish","type":"page","link":"https:\/\/wildlife-workshop.de\/?page_id=163","title":{"rendered":"Orchideen &#8211; Frauenschuh"},"content":{"rendered":"<section class=\"l-section wpb_row height_medium\"><div class=\"l-section-h i-cf\"><div class=\"g-cols vc_row via_flex valign_top type_default stacking_default\"><div class=\"vc_col-sm-8 wpb_column vc_column_container\"><div class=\"vc_column-inner\"><div class=\"wpb_wrapper\"><div class=\"wpb_text_column\"><div class=\"wpb_wrapper\"><h3><strong>Orchideen &#8211; Frauenschuh<\/strong><\/h3>\n<h5><strong>Tages-Workshop bei Salzhemmendorf\/Hannover<\/strong><\/h5>\n<p>Ein ganzer Tag engagierte Makrofotografie mit angewandter Digitalfotografie in Theorie und Praxis. Zur Bl\u00fctezeit des Frauenschuh wollen wir Ihnen die Zusammenh\u00e4nge vermitteln, die f\u00fcr das Zustandekommen erstklassiger Pflanzenfotos unerl\u00e4sslich sind. In einem abgelegenen Feldhain\/lichtdurchfluteten Hang, ganz in der N\u00e4he von Salzhemmendorf, begeben wir uns auf eine mit Frauenschuh und anderen auf der Artenschutzliste stehenden Pflanzen bewachsenen Wiese.<\/p>\n<\/div><\/div><div class=\"w-grid us_grid type_grid layout_gallery_default cols_3 preload_style_spinner\" id=\"us_grid_1\" style=\"--columns:3;--gap:4px;\" data-filterable=\"true\"><style>@media (max-width:479px){#us_grid_1{--columns:2!important}}.layout_gallery_default .w-grid-item-h{}<\/style><div class=\"w-grid-list\">\t<article class=\"w-grid-item size_1x1 post-367 attachment type-attachment status-inherit hentry\" data-id=\"367\">\r\n\t\t<div class=\"w-grid-item-h\">\r\n\t\t\t\t\t\t\t<a ref=\"magnificPopupGrid\" href=\"https:\/\/wildlife-workshop.de\/wp-content\/uploads\/2018\/08\/IMG_7011-e1535091791627.jpg\" class=\"w-grid-item-anchor\" aria-label=\"IMG_7011\"><\/a>\r\n\t\t\t\t\t\t<div class=\"w-post-elm post_image usg_post_image_1 stretched\"><img loading=\"lazy\" decoding=\"async\" width=\"350\" height=\"350\" src=\"https:\/\/wildlife-workshop.de\/wp-content\/uploads\/2018\/08\/IMG_7011-e1535091791627-350x350.jpg\" class=\"attachment-us_350_350_crop size-us_350_350_crop\" alt=\"\" srcset=\"https:\/\/wildlife-workshop.de\/wp-content\/uploads\/2018\/08\/IMG_7011-e1535091791627-350x350.jpg 350w, https:\/\/wildlife-workshop.de\/wp-content\/uploads\/2018\/08\/IMG_7011-e1535091791627-150x150.jpg 150w, https:\/\/wildlife-workshop.de\/wp-content\/uploads\/2018\/08\/IMG_7011-e1535091791627-300x300.jpg 300w, https:\/\/wildlife-workshop.de\/wp-content\/uploads\/2018\/08\/IMG_7011-e1535091791627.jpg 1024w, https:\/\/wildlife-workshop.de\/wp-content\/uploads\/2018\/08\/IMG_7011-e1535091791627-600x600.jpg 600w, https:\/\/wildlife-workshop.de\/wp-content\/uploads\/2018\/08\/IMG_7011-e1535091791627-768x768.jpg 768w\" sizes=\"auto, (max-width: 350px) 100vw, 350px\" \/><\/div>\t\t<\/div>\r\n\t\t\t<\/article>\r\n\t<article class=\"w-grid-item size_1x1 post-689 attachment type-attachment status-inherit hentry\" data-id=\"689\">\r\n\t\t<div class=\"w-grid-item-h\">\r\n\t\t\t\t\t\t\t<a ref=\"magnificPopupGrid\" href=\"https:\/\/wildlife-workshop.de\/wp-content\/uploads\/2018\/08\/Fotolia_133592008_XS.jpg\" class=\"w-grid-item-anchor\" aria-label=\"exotic and rare ladyslipper orchid (paphiopedilum primulinum)\"><\/a>\r\n\t\t\t\t\t\t<div class=\"w-post-elm post_image usg_post_image_1 stretched\"><img loading=\"lazy\" decoding=\"async\" width=\"350\" height=\"300\" src=\"https:\/\/wildlife-workshop.de\/wp-content\/uploads\/2018\/08\/Fotolia_133592008_XS-350x300.jpg\" class=\"attachment-us_350_350_crop size-us_350_350_crop\" alt=\"\" \/><\/div>\t\t<\/div>\r\n\t\t\t<\/article>\r\n\t<article class=\"w-grid-item size_1x1 post-693 attachment type-attachment status-inherit hentry\" data-id=\"693\">\r\n\t\t<div class=\"w-grid-item-h\">\r\n\t\t\t\t\t\t\t<a ref=\"magnificPopupGrid\" href=\"https:\/\/wildlife-workshop.de\/wp-content\/uploads\/2018\/08\/Fotolia_158258445_XS-1.jpg\" class=\"w-grid-item-anchor\" aria-label=\"Wilder Frauenschuh\"><\/a>\r\n\t\t\t\t\t\t<div class=\"w-post-elm post_image usg_post_image_1 stretched\"><img loading=\"lazy\" decoding=\"async\" width=\"350\" height=\"282\" src=\"https:\/\/wildlife-workshop.de\/wp-content\/uploads\/2018\/08\/Fotolia_158258445_XS-1-350x282.jpg\" class=\"attachment-us_350_350_crop size-us_350_350_crop\" alt=\"\" \/><\/div>\t\t<\/div>\r\n\t\t\t<\/article>\r\n<\/div>\t<div class=\"w-grid-preloader\">\r\n\t\t<div class=\"g-preloader type_1\">\r\n\t\t\t<div><\/div>\r\n\t\t<\/div>\r\n\t<\/div>\r\n\t\t<div class=\"w-grid-json hidden\" onclick='return {&quot;action&quot;:&quot;us_ajax_grid&quot;,&quot;infinite_scroll&quot;:0,&quot;max_num_pages&quot;:1,&quot;pagination&quot;:&quot;none&quot;,&quot;template_vars&quot;:{&quot;columns&quot;:&quot;3&quot;,&quot;exclude_items&quot;:&quot;none&quot;,&quot;img_size&quot;:&quot;us_350_350_crop&quot;,&quot;ignore_items_size&quot;:0,&quot;items_layout&quot;:&quot;gallery_default&quot;,&quot;items_offset&quot;:&quot;1&quot;,&quot;load_animation&quot;:&quot;none&quot;,&quot;overriding_link&quot;:&quot;%7B%22type%22%3A%22popup_image%22%7D&quot;,&quot;post_id&quot;:0,&quot;query_args&quot;:{&quot;post_type&quot;:[&quot;attachment&quot;],&quot;post__in&quot;:[&quot;367&quot;,&quot;689&quot;,&quot;693&quot;],&quot;post_status&quot;:&quot;inherit&quot;,&quot;post_mime_type&quot;:&quot;image&quot;,&quot;posts_per_page&quot;:999},&quot;orderby_query_args&quot;:{&quot;orderby&quot;:{&quot;post__in&quot;:&quot;ASC&quot;},&quot;order&quot;:&quot;ASC&quot;},&quot;type&quot;:&quot;grid&quot;,&quot;us_grid_post_type&quot;:&quot;attachment&quot;,&quot;us_grid_ajax_index&quot;:1,&quot;us_grid_filter_query_string&quot;:null,&quot;us_grid_index&quot;:1,&quot;page_args&quot;:[]}}'><\/div>\r\n\t<\/div><div class=\"w-separator size_medium\"><\/div><div class=\"wpb_text_column\"><div class=\"wpb_wrapper\"><h5><strong>Inhalte<\/strong><\/h5>\n<p>Wir vermitteln Ihnen Zusammenh\u00e4nge, deren Beachtung f\u00fcr das Zustandekommen erstklassiger Naturfotos unerl\u00e4sslich sind. Dabei spielen Erkundung, Beobachtung und die richtigen Verhaltensweisen eine ebenso gro\u00dfe Rolle wie die verwendete Technik. Die gewonnenen Erkenntnisse k\u00f6nnen Sie dann zu den besten Tages-(Licht)zeiten in die Praxis umsetzen. Wir zeigen Ihnen die richtigen Kamera- und Aufnahmetechniken und helfen Ihnen, Ihren eigenen Stil zu finden.<\/p>\n<h5><strong>Leistungen<\/strong><\/h5>\n<ul>\n<li>Transfer zu allen Fotopl\u00e4tzen<\/li>\n<li>Fotografische Betreuung<\/li>\n<li>Bildbesprechung und Tipps<\/li>\n<\/ul>\n<h5><strong>Voraussetzungen<\/strong><\/h5>\n<p>Die Location ist auch f\u00fcr Teilnehmer bestens geeignet, die nicht mehr gut zu Fuss sind. Sie bringen Ihre Spiegelreflexkamera und ein Makroobjektiv mit. F\u00fcr Landschaftsaufnahmen w\u00e4re ein Weitwinkel oder ein Weitwinkelzoom geeignet.<\/p>\n<p>Anreise und Verpflegung sind nicht in der Teilnahmegeb\u00fchr enthalten.<br \/>\nDie Teilnahmegeb\u00fchr ist im voraus zu entrichten.<\/p>\n<p>\u00dcbernachtung im Einzelzimmer mit Fr\u00fchst\u00fcck ab 35,- Euro pro Pers. auf Anfrage im Lauensteiner Hof oder Ratskeller m\u00f6glich.<\/p>\n<\/div><\/div><div class=\"w-separator size_medium\"><\/div><\/div><\/div><\/div><div class=\"vc_col-sm-4 wpb_column vc_column_container has_bg_color\"><div class=\"vc_column-inner us_custom_c57788b4\"><div class=\"wpb_wrapper\"><div class=\"w-image align_none\"><div class=\"w-image-h\"><img decoding=\"async\" width=\"426\" height=\"282\" src=\"https:\/\/wildlife-workshop.de\/wp-content\/uploads\/2018\/08\/Fotolia_204618366_XS.jpg\" class=\"attachment-large size-large\" alt=\"\" loading=\"lazy\" srcset=\"https:\/\/wildlife-workshop.de\/wp-content\/uploads\/2018\/08\/Fotolia_204618366_XS.jpg 426w, https:\/\/wildlife-workshop.de\/wp-content\/uploads\/2018\/08\/Fotolia_204618366_XS-300x199.jpg 300w\" sizes=\"auto, (max-width: 426px) 100vw, 426px\" \/><\/div><\/div><div class=\"wpb_text_column\"><div class=\"wpb_wrapper\"><h5><strong>Das besondere Geschenk<\/strong><\/h5>\n<p><strong>Sie suchen noch ein passendes Geschenk f\u00fcr Sie oder Ihn?<\/strong><\/p>\n<p><span class=\"dgmager14\">Wir haben etwas ganz Besonderes \u2013 verschenken Sie doch mal einen Gutschein f\u00fcr einen Fotoworkshop oder f\u00fcr eine Foto-Session auf \u00bbEisvogel &amp; Co\u00ab oder \u00bbGreife im Winter\u00ab!\u00a0 Zu Ihrem gew\u00fcnschten Termin und garantiert von Erfolg gekr\u00f6nt! Wie w\u00e4re es mit einem Intensivtag \u00bbDigitale Bildbearbeitung\u00ab? Jetzt einen Gutschein verschenken, und wir senden Ihnen rechtzeitig einen ansprechend gestalteten, pers\u00f6nlichen Gutschein mit einem kleinen zus\u00e4tzlichen Geschenk an Sie!<\/span><\/p>\n<\/div><\/div><div class=\"w-image align_none\"><div class=\"w-image-h\"><img decoding=\"async\" width=\"1024\" height=\"737\" src=\"https:\/\/wildlife-workshop.de\/wp-content\/uploads\/2018\/08\/Gutschein_klein-1-1024x737.jpg\" class=\"attachment-large size-large\" alt=\"\" loading=\"lazy\" srcset=\"https:\/\/wildlife-workshop.de\/wp-content\/uploads\/2018\/08\/Gutschein_klein-1.jpg 1024w, https:\/\/wildlife-workshop.de\/wp-content\/uploads\/2018\/08\/Gutschein_klein-1-300x216.jpg 300w, https:\/\/wildlife-workshop.de\/wp-content\/uploads\/2018\/08\/Gutschein_klein-1-768x552.jpg 768w\" sizes=\"auto, (max-width: 1024px) 100vw, 1024px\" \/><\/div><\/div><div class=\"w-separator size_small with_line width_default thick_1 style_solid color_border align_center\"><div class=\"w-separator-h\"><\/div><\/div><div class=\"wpb_text_column\"><div class=\"wpb_wrapper\"><p class=\"programm_sub\"><strong>Sie haben Fragen? Wir beantworten sie gerne:<\/strong><\/p>\n<\/div><\/div><div class=\"w-iconbox iconpos_left style_default color_primary align_left no_text\"><div class=\"w-iconbox-icon\" style=\"font-size:27;\"><i class=\"fas fa-phone-volume\"><\/i><\/div><div class=\"w-iconbox-meta\"><h6 class=\"w-iconbox-title\">0177\u20138877835<\/h6><\/div><\/div><div class=\"w-separator size_small\"><\/div><div class=\"w-iconbox iconpos_left style_default color_primary align_left no_text\"><div class=\"w-iconbox-icon\" style=\"font-size:27;\"><i class=\"fas fa-envelope\"><\/i><\/div><div class=\"w-iconbox-meta\"><h6 class=\"w-iconbox-title\">naturfoto2000@aol.com<\/h6><\/div><\/div><div class=\"w-separator size_small\"><\/div><div class=\"wpb_text_column\"><div class=\"wpb_wrapper\"><p>Weitere Informationen zur Buchung und Durchf\u00fchrung finden Sie auch auf unserer\u00a0<span class=\"dgfett12\">Workshop-Info-Seite.<\/span><\/p>\n<\/div><\/div><div class=\"w-separator size_small with_line width_default thick_1 style_solid color_border align_center\"><div class=\"w-separator-h\"><\/div><\/div><div class=\"w-image align_none\"><a title=\"Augenblicke eingefangen\" target=\" _blank\" rel=\"nofollow\" href=\"https:\/\/www.augenblicke-eingefangen.de\/catalog\/index.php\" aria-label=\"augenblicke\" class=\"w-image-h\"><img decoding=\"async\" width=\"636\" height=\"98\" src=\"https:\/\/wildlife-workshop.de\/wp-content\/uploads\/2018\/08\/augenblicke.png\" class=\"attachment-large size-large\" alt=\"\" loading=\"lazy\" srcset=\"https:\/\/wildlife-workshop.de\/wp-content\/uploads\/2018\/08\/augenblicke.png 636w, https:\/\/wildlife-workshop.de\/wp-content\/uploads\/2018\/08\/augenblicke-300x46.png 300w\" sizes=\"auto, (max-width: 636px) 100vw, 636px\" \/><\/a><\/div><\/div><\/div><\/div><\/div><\/div><\/section>\n","protected":false},"excerpt":{"rendered":"","protected":false},"author":1,"featured_media":0,"parent":0,"menu_order":0,"comment_status":"closed","ping_status":"closed","template":"","meta":{"footnotes":""},"class_list":["post-163","page","type-page","status-publish","hentry"],"_links":{"self":[{"href":"https:\/\/wildlife-workshop.de\/index.php?rest_route=\/wp\/v2\/pages\/163","targetHints":{"allow":["GET"]}}],"collection":[{"href":"https:\/\/wildlife-workshop.de\/index.php?rest_route=\/wp\/v2\/pages"}],"about":[{"href":"https:\/\/wildlife-workshop.de\/index.php?rest_route=\/wp\/v2\/types\/page"}],"author":[{"embeddable":true,"href":"https:\/\/wildlife-workshop.de\/index.php?rest_route=\/wp\/v2\/users\/1"}],"replies":[{"embeddable":true,"href":"https:\/\/wildlife-workshop.de\/index.php?rest_route=%2Fwp%2Fv2%2Fcomments&post=163"}],"version-history":[{"count":11,"href":"https:\/\/wildlife-workshop.de\/index.php?rest_route=\/wp\/v2\/pages\/163\/revisions"}],"predecessor-version":[{"id":1073,"href":"https:\/\/wildlife-workshop.de\/index.php?rest_route=\/wp\/v2\/pages\/163\/revisions\/1073"}],"wp:attachment":[{"href":"https:\/\/wildlife-workshop.de\/index.php?rest_route=%2Fwp%2Fv2%2Fmedia&parent=163"}],"curies":[{"name":"wp","href":"https:\/\/api.w.org\/{rel}","templated":true}]}}