{"id":195,"date":"2018-08-23T09:33:54","date_gmt":"2018-08-23T07:33:54","guid":{"rendered":"http:\/\/wildlife-workshop.de\/?page_id=195"},"modified":"2020-11-21T07:49:05","modified_gmt":"2020-11-21T06:49:05","slug":"wildlife-im-winter-2","status":"publish","type":"page","link":"https:\/\/wildlife-workshop.de\/?page_id=195","title":{"rendered":"Wildlife im Winter"},"content":{"rendered":"<section class=\"l-section wpb_row height_medium\"><div class=\"l-section-h i-cf\"><div class=\"g-cols vc_row via_flex valign_top type_default stacking_default\"><div class=\"vc_col-sm-8 wpb_column vc_column_container\"><div class=\"vc_column-inner\"><div class=\"wpb_wrapper\"><div class=\"wpb_text_column\"><div class=\"wpb_wrapper\"><h3><strong>Wildlife im Winter<br \/>\nEisv\u00f6gel &amp; Greifv\u00f6gel<\/strong><\/h3>\n<h5><strong>Ein bis drei Tage intensive Wildlife-Fotografie\u00a0<\/strong><\/h5>\n<p>Wenn im Winter die B\u00f6den gefroren und mit Schnee bedeckt sind, k\u00e4mpfen die Greifv\u00f6gel um jedes St\u00fcck Beute. Erleben Sie aufregende Stunden beim Ansitz auf Bussard, Sperber, Habicht und gelegentlich Fischadler in einem riesigen Teichgebiet. Als &#8222;Beifang&#8220; erwarten Sie Eisvogel, Rabenv\u00f6gel, Spechte, die verschiedensten Kleinv\u00f6gel sowie gelegentlich Rehwild und Fuchs, die Sie unter idealen Voraussetzungen fotografieren k\u00f6nnen.<\/p>\n<\/div><\/div><div class=\"w-grid us_grid type_grid layout_gallery_default cols_3 preload_style_spinner\" id=\"us_grid_1\" style=\"--columns:3;--gap:4px;\" data-filterable=\"true\"><style>@media (max-width:479px){#us_grid_1{--columns:2!important}}.layout_gallery_default .w-grid-item-h{}<\/style><div class=\"w-grid-list\">\t<article class=\"w-grid-item size_1x1 post-197 attachment type-attachment status-inherit hentry\" data-id=\"197\">\r\n\t\t<div class=\"w-grid-item-h\">\r\n\t\t\t\t\t\t\t<a ref=\"magnificPopupGrid\" href=\"https:\/\/wildlife-workshop.de\/wp-content\/uploads\/2018\/08\/Bundspecht1-klein.jpg\" class=\"w-grid-item-anchor\" aria-label=\"Bilder aus Salzhemmendorf\"><\/a>\r\n\t\t\t\t\t\t<div class=\"w-post-elm post_image usg_post_image_1 stretched\"><img loading=\"lazy\" decoding=\"async\" width=\"600\" height=\"600\" src=\"https:\/\/wildlife-workshop.de\/wp-content\/uploads\/2018\/08\/Bundspecht1-klein-600x600.jpg\" class=\"attachment-us_600_600_crop size-us_600_600_crop\" alt=\"\" srcset=\"https:\/\/wildlife-workshop.de\/wp-content\/uploads\/2018\/08\/Bundspecht1-klein-600x600.jpg 600w, https:\/\/wildlife-workshop.de\/wp-content\/uploads\/2018\/08\/Bundspecht1-klein-150x150.jpg 150w, https:\/\/wildlife-workshop.de\/wp-content\/uploads\/2018\/08\/Bundspecht1-klein-350x350.jpg 350w\" sizes=\"auto, (max-width: 600px) 100vw, 600px\" \/><\/div>\t\t<\/div>\r\n\t\t\t<\/article>\r\n\t<article class=\"w-grid-item size_1x1 post-198 attachment type-attachment status-inherit hentry\" data-id=\"198\">\r\n\t\t<div class=\"w-grid-item-h\">\r\n\t\t\t\t\t\t\t<a ref=\"magnificPopupGrid\" href=\"https:\/\/wildlife-workshop.de\/wp-content\/uploads\/2018\/08\/Bussard-mit-Weitwinkel-fe-Kopie.jpg\" class=\"w-grid-item-anchor\" aria-label=\"Mit Weitwinkel und Fernausl\u00f6ser - Bussard am Luder.\"><\/a>\r\n\t\t\t\t\t\t<div class=\"w-post-elm post_image usg_post_image_1 stretched\"><img loading=\"lazy\" decoding=\"async\" width=\"600\" height=\"549\" src=\"https:\/\/wildlife-workshop.de\/wp-content\/uploads\/2018\/08\/Bussard-mit-Weitwinkel-fe-Kopie-600x549.jpg\" class=\"attachment-us_600_600_crop size-us_600_600_crop\" alt=\"\" \/><\/div>\t\t<\/div>\r\n\t\t\t<\/article>\r\n\t<article class=\"w-grid-item size_1x1 post-199 attachment type-attachment status-inherit hentry\" data-id=\"199\">\r\n\t\t<div class=\"w-grid-item-h\">\r\n\t\t\t\t\t\t\t<a ref=\"magnificPopupGrid\" href=\"https:\/\/wildlife-workshop.de\/wp-content\/uploads\/2018\/08\/neu30.jpg\" class=\"w-grid-item-anchor\" aria-label=\"neu30\"><\/a>\r\n\t\t\t\t\t\t<div class=\"w-post-elm post_image usg_post_image_1 stretched\"><img loading=\"lazy\" decoding=\"async\" width=\"600\" height=\"600\" src=\"https:\/\/wildlife-workshop.de\/wp-content\/uploads\/2018\/08\/neu30-600x600.jpg\" class=\"attachment-us_600_600_crop size-us_600_600_crop\" alt=\"\" srcset=\"https:\/\/wildlife-workshop.de\/wp-content\/uploads\/2018\/08\/neu30-600x600.jpg 600w, https:\/\/wildlife-workshop.de\/wp-content\/uploads\/2018\/08\/neu30-150x150.jpg 150w, https:\/\/wildlife-workshop.de\/wp-content\/uploads\/2018\/08\/neu30-350x350.jpg 350w\" sizes=\"auto, (max-width: 600px) 100vw, 600px\" \/><\/div>\t\t<\/div>\r\n\t\t\t<\/article>\r\n<\/div>\t<div class=\"w-grid-preloader\">\r\n\t\t<div class=\"g-preloader type_1\">\r\n\t\t\t<div><\/div>\r\n\t\t<\/div>\r\n\t<\/div>\r\n\t\t<div class=\"w-grid-json hidden\" onclick='return {&quot;action&quot;:&quot;us_ajax_grid&quot;,&quot;infinite_scroll&quot;:0,&quot;max_num_pages&quot;:1,&quot;pagination&quot;:&quot;none&quot;,&quot;template_vars&quot;:{&quot;columns&quot;:&quot;3&quot;,&quot;exclude_items&quot;:&quot;none&quot;,&quot;img_size&quot;:&quot;us_600_600_crop&quot;,&quot;ignore_items_size&quot;:0,&quot;items_layout&quot;:&quot;gallery_default&quot;,&quot;items_offset&quot;:&quot;1&quot;,&quot;load_animation&quot;:&quot;none&quot;,&quot;overriding_link&quot;:&quot;%7B%22type%22%3A%22popup_image%22%7D&quot;,&quot;post_id&quot;:0,&quot;query_args&quot;:{&quot;post_type&quot;:[&quot;attachment&quot;],&quot;post__in&quot;:[&quot;197&quot;,&quot;198&quot;,&quot;199&quot;],&quot;post_status&quot;:&quot;inherit&quot;,&quot;post_mime_type&quot;:&quot;image&quot;,&quot;posts_per_page&quot;:999},&quot;orderby_query_args&quot;:{&quot;orderby&quot;:{&quot;post__in&quot;:&quot;ASC&quot;},&quot;order&quot;:&quot;ASC&quot;},&quot;type&quot;:&quot;grid&quot;,&quot;us_grid_post_type&quot;:&quot;attachment&quot;,&quot;us_grid_ajax_index&quot;:1,&quot;us_grid_filter_query_string&quot;:null,&quot;us_grid_index&quot;:1,&quot;page_args&quot;:[]}}'><\/div>\r\n\t<\/div><div class=\"w-separator size_medium\"><\/div><div class=\"wpb_text_column\"><div class=\"wpb_wrapper\"><p>Buchen Sie Ihren Winteransitz ganz individuell &#8211; zu dem von Ihnen gew\u00fcnschten Termin und so lange Sie m\u00f6chten.\u00a0Alle angebotenen Leistungen sind ganzj\u00e4hrig und individuell f\u00fcr Einzelfotografen oder Gruppen bis zu 8 Personen buchbar.<\/p>\n<h5><strong>Leistungen<\/strong><\/h5>\n<ul>\n<li>1 Tag Winteransitz f\u00fcr 150,- Euro<\/li>\n<li>2 Tage Winteransitz f\u00fcr 295,- Euro<\/li>\n<li>3 Tage Winteransitz f\u00fcr 395,- Euro<\/li>\n<li>Intensivtag EBV, Bildbearbeitung f\u00fcr Fotografen in Photoshop als Anschlusstag an die obigen Angebote nur 135,- Euro<\/li>\n<\/ul>\n<h5><strong>Voraussetzungen<\/strong><\/h5>\n<p>Sie bringen Ihre Spiegelreflexkamera und Telebrennweiten ab 300mm (optimal sind 500mm) mit.\u00a0 Ein eigenes Laptop ist zwar nicht Voraussetzung, macht aber besonders bei mehrt\u00e4gigen Workshops Sinn. Im Zweifelsfalle bitte nachfragen!<\/p>\n<p>H\u00fctten und Tarnzelte werden gestellt. Es steht Ihnen Zubeh\u00f6r von Berlebach und Novoflex zur Verf\u00fcgung. Die festen Ansitze sind mit Bohnens\u00e4cken ausgestattet.<\/p>\n<p>Anreise und Verpflegung sind nicht in der Teilnahmegeb\u00fchr enthalten.<br \/>\nDie Teilnahmegeb\u00fchr ist im voraus zu entrichten.<\/p>\n<p>\u00dcbernachtung im Einzelzimmer mit Fr\u00fchst\u00fcck ab 35,- Euro pro Pers. m\u00f6glich.<\/p>\n<\/div><\/div><div class=\"w-separator size_medium\"><\/div><\/div><\/div><\/div><div class=\"vc_col-sm-4 wpb_column vc_column_container has_bg_color\"><div class=\"vc_column-inner us_custom_c57788b4\"><div class=\"wpb_wrapper\"><div class=\"wpb_text_column\"><div class=\"wpb_wrapper\"><h5><strong>Das besondere Geschenk<\/strong><\/h5>\n<p><strong>Sie suchen noch ein passendes Geschenk f\u00fcr Sie oder Ihn?<\/strong><\/p>\n<p><span class=\"dgmager14\">Wir haben etwas ganz Besonderes \u2013 verschenken Sie doch mal einen Gutschein f\u00fcr einen Fotoworkshop oder f\u00fcr eine Foto-Session auf \u00bbEisvogel &amp; Co\u00ab oder \u00bbGreife im Winter\u00ab!\u00a0 Zu Ihrem gew\u00fcnschten Termin und garantiert von Erfolg gekr\u00f6nt! Wie w\u00e4re es mit einem Intensivtag \u00bbDigitale Bildbearbeitung\u00ab? Jetzt einen Gutschein verschenken, und wir senden Ihnen rechtzeitig einen ansprechend gestalteten, pers\u00f6nlichen Gutschein mit einem kleinen zus\u00e4tzlichen Geschenk an Sie!<\/span><\/p>\n<\/div><\/div><div class=\"w-image align_none\"><div class=\"w-image-h\"><img decoding=\"async\" width=\"1024\" height=\"737\" src=\"https:\/\/wildlife-workshop.de\/wp-content\/uploads\/2018\/08\/Gutschein_klein-1-1024x737.jpg\" class=\"attachment-large size-large\" alt=\"\" loading=\"lazy\" srcset=\"https:\/\/wildlife-workshop.de\/wp-content\/uploads\/2018\/08\/Gutschein_klein-1.jpg 1024w, https:\/\/wildlife-workshop.de\/wp-content\/uploads\/2018\/08\/Gutschein_klein-1-300x216.jpg 300w, https:\/\/wildlife-workshop.de\/wp-content\/uploads\/2018\/08\/Gutschein_klein-1-768x552.jpg 768w\" sizes=\"auto, (max-width: 1024px) 100vw, 1024px\" \/><\/div><\/div><div class=\"w-separator size_small with_line width_default thick_1 style_solid color_border align_center\"><div class=\"w-separator-h\"><\/div><\/div><div class=\"wpb_text_column\"><div class=\"wpb_wrapper\"><p class=\"programm_sub\"><strong>Sie haben Fragen? Wir beantworten sie gerne:<\/strong><\/p>\n<\/div><\/div><div class=\"w-iconbox iconpos_left style_default color_primary align_left no_text\"><div class=\"w-iconbox-icon\" style=\"font-size:27;\"><i class=\"fas fa-phone-volume\"><\/i><\/div><div class=\"w-iconbox-meta\"><h6 class=\"w-iconbox-title\">0177\u20138877835<\/h6><\/div><\/div><div class=\"w-separator size_small\"><\/div><div class=\"w-iconbox iconpos_left style_default color_primary align_left no_text\"><div class=\"w-iconbox-icon\" style=\"font-size:27;\"><i class=\"fas fa-envelope\"><\/i><\/div><div class=\"w-iconbox-meta\"><h6 class=\"w-iconbox-title\">naturfoto2000@aol.com<\/h6><\/div><\/div><div class=\"w-separator size_small\"><\/div><div class=\"wpb_text_column\"><div class=\"wpb_wrapper\"><p>Weitere Informationen zur Buchung und Durchf\u00fchrung finden Sie auch auf unserer\u00a0<span class=\"dgfett12\">Workshop-Info-Seite.<\/span><\/p>\n<\/div><\/div><div class=\"w-separator size_small with_line width_default thick_1 style_solid color_border align_center\"><div class=\"w-separator-h\"><\/div><\/div><div class=\"w-iconbox iconpos_left style_default color_primary align_left no_text\"><a href=\"http:\/\/wildlife-workshop.de\/?page_id=756\" class=\"w-iconbox-link\" aria-label=\"Zur Newsletter-Anmeldung\"><div class=\"w-iconbox-icon\" style=\"font-size:27;\"><i class=\"fas fa-paper-plane\"><\/i><\/div><\/a><div class=\"w-iconbox-meta\"><h6 class=\"w-iconbox-title\"><a href=\"http:\/\/wildlife-workshop.de\/?page_id=756\" class=\"w-iconbox-link\" aria-label=\"Zur Newsletter-Anmeldung\">Zur Newsletter-Anmeldung<\/a><\/h6><\/div><\/div><div class=\"w-separator size_small with_line width_default thick_1 style_solid color_border align_center\"><div class=\"w-separator-h\"><\/div><\/div><div class=\"w-image align_none\"><a title=\"Augenblicke eingefangen\" target=\" _blank\" rel=\"nofollow\" href=\"https:\/\/www.augenblicke-eingefangen.de\/catalog\/index.php\" aria-label=\"augenblicke\" class=\"w-image-h\"><img decoding=\"async\" width=\"636\" height=\"98\" src=\"https:\/\/wildlife-workshop.de\/wp-content\/uploads\/2018\/08\/augenblicke.png\" class=\"attachment-large size-large\" alt=\"\" loading=\"lazy\" srcset=\"https:\/\/wildlife-workshop.de\/wp-content\/uploads\/2018\/08\/augenblicke.png 636w, https:\/\/wildlife-workshop.de\/wp-content\/uploads\/2018\/08\/augenblicke-300x46.png 300w\" sizes=\"auto, (max-width: 636px) 100vw, 636px\" \/><\/a><\/div><\/div><\/div><\/div><\/div><\/div><\/section>\n","protected":false},"excerpt":{"rendered":"","protected":false},"author":1,"featured_media":0,"parent":0,"menu_order":0,"comment_status":"closed","ping_status":"closed","template":"","meta":{"footnotes":""},"class_list":["post-195","page","type-page","status-publish","hentry"],"_links":{"self":[{"href":"https:\/\/wildlife-workshop.de\/index.php?rest_route=\/wp\/v2\/pages\/195","targetHints":{"allow":["GET"]}}],"collection":[{"href":"https:\/\/wildlife-workshop.de\/index.php?rest_route=\/wp\/v2\/pages"}],"about":[{"href":"https:\/\/wildlife-workshop.de\/index.php?rest_route=\/wp\/v2\/types\/page"}],"author":[{"embeddable":true,"href":"https:\/\/wildlife-workshop.de\/index.php?rest_route=\/wp\/v2\/users\/1"}],"replies":[{"embeddable":true,"href":"https:\/\/wildlife-workshop.de\/index.php?rest_route=%2Fwp%2Fv2%2Fcomments&post=195"}],"version-history":[{"count":10,"href":"https:\/\/wildlife-workshop.de\/index.php?rest_route=\/wp\/v2\/pages\/195\/revisions"}],"predecessor-version":[{"id":1077,"href":"https:\/\/wildlife-workshop.de\/index.php?rest_route=\/wp\/v2\/pages\/195\/revisions\/1077"}],"wp:attachment":[{"href":"https:\/\/wildlife-workshop.de\/index.php?rest_route=%2Fwp%2Fv2%2Fmedia&parent=195"}],"curies":[{"name":"wp","href":"https:\/\/api.w.org\/{rel}","templated":true}]}}