{"id":218,"date":"2018-08-23T12:40:06","date_gmt":"2018-08-23T10:40:06","guid":{"rendered":"http:\/\/wildlife-workshop.de\/?page_id=218"},"modified":"2020-11-21T07:49:05","modified_gmt":"2020-11-21T06:49:05","slug":"photoshop-intensivtag","status":"publish","type":"page","link":"https:\/\/wildlife-workshop.de\/?page_id=218","title":{"rendered":"Photoshop-Intensivtag"},"content":{"rendered":"<section class=\"l-section wpb_row height_medium\"><div class=\"l-section-h i-cf\"><div class=\"g-cols vc_row via_flex valign_top type_default stacking_default\"><div class=\"vc_col-sm-8 wpb_column vc_column_container\"><div class=\"vc_column-inner\"><div class=\"wpb_wrapper\"><div class=\"wpb_text_column\"><div class=\"wpb_wrapper\"><h3><strong>Intensivtag Adobe Photoshop<\/strong><\/h3>\n<h5><strong>Vom Chip zum Print &#8211; Bildbearbeitung f\u00fcr Fotografen<\/strong><\/h5>\n<p>Sie sind Analogfotograf und wollen nun in die digitale Technik einsteigen? Sie fotografieren bereits digital, sind aber mit der Bildbearbeitung am Computer noch nicht so vertraut? Sie sind Digital-Profi und wollen das Beste aus Ihren Bilddaten herausholen? Dann ist unser Intensivtag EBV genau das Richtige f\u00fcr Sie.<\/p>\n<\/div><\/div><div class=\"w-separator size_medium\"><\/div><div class=\"w-image align_none\"><div class=\"w-image-h\"><img decoding=\"async\" width=\"1024\" height=\"740\" src=\"https:\/\/wildlife-workshop.de\/wp-content\/uploads\/2018\/08\/Screenshot-2018-08-23-13.03.26-1024x740.jpg\" class=\"attachment-large size-large\" alt=\"\" loading=\"lazy\" srcset=\"https:\/\/wildlife-workshop.de\/wp-content\/uploads\/2018\/08\/Screenshot-2018-08-23-13.03.26.jpg 1024w, https:\/\/wildlife-workshop.de\/wp-content\/uploads\/2018\/08\/Screenshot-2018-08-23-13.03.26-300x217.jpg 300w, https:\/\/wildlife-workshop.de\/wp-content\/uploads\/2018\/08\/Screenshot-2018-08-23-13.03.26-768x555.jpg 768w\" sizes=\"auto, (max-width: 1024px) 100vw, 1024px\" \/><\/div><\/div><div class=\"wpb_text_column\"><div class=\"wpb_wrapper\"><h5><strong>Inhalte<\/strong><\/h5>\n<p>Wir machen Sie in diesem 5-st\u00fcndigen Intensivkurs mit dem digitalen Workflow von der Aufnahme \u00fcber die Bildbearbeitung am Computer bis zum fertigen Print vertraut. Histogramme, Tonwertkorrekturen, Gradation, Ebenentechnik, S\u00e4ubern, Kontrast- und Farbkorrekturen, optimales Sch\u00e4rfen sind nur einige der Begriffe, die kompetent und nachvollziehbar von uns erl\u00e4utert werden.<\/p>\n<h5><strong>Voraussetzungen<\/strong><\/h5>\n<p>Eigentlich keine &#8211; idealerweise bringen Sie aber ein Notebook und Photoshop sowie eine Auswahl Ihrer eigenen Fotos auf Speicherkarte oder CD mit. Aufgrund der auf 2 Personen begrenzten Teilnehmerzahl ist eine auf Ihren individuellen Kenntnisstand abgestimmte Schulung m\u00f6glich.<\/p>\n<h5><strong>Termin und Ort nach Absprache:<\/strong><\/h5>\n<ul>\n<li>Intensivtag EBV in Salzhemmendorf (N\u00e4he Hannover)<\/li>\n<li>Nach Absprache ist der Intensivtag auch bei Ihnen vor Ort m\u00f6glich.<\/li>\n<\/ul>\n<p>Anreise und Verpflegung sind nicht in der Teilnahmegeb\u00fchr enthalten.<\/p>\n<\/div><\/div><div class=\"w-separator size_medium\"><\/div><\/div><\/div><\/div><div class=\"vc_col-sm-4 wpb_column vc_column_container has_bg_color\"><div class=\"vc_column-inner us_custom_c57788b4\"><div class=\"wpb_wrapper\"><div class=\"wpb_text_column\"><div class=\"wpb_wrapper\"><h5><strong>Das besondere Geschenk<\/strong><\/h5>\n<p><strong>Sie suchen noch ein passendes Geschenk f\u00fcr Sie oder Ihn?<\/strong><\/p>\n<p><span class=\"dgmager14\">Wir haben etwas ganz Besonderes \u2013 verschenken Sie doch mal einen Gutschein f\u00fcr einen Fotoworkshop oder f\u00fcr eine Foto-Session auf \u00bbEisvogel &amp; Co\u00ab oder \u00bbGreife im Winter\u00ab!\u00a0 Zu Ihrem gew\u00fcnschten Termin und garantiert von Erfolg gekr\u00f6nt! Wie w\u00e4re es mit einem Intensivtag \u00bbDigitale Bildbearbeitung\u00ab? Jetzt einen Gutschein verschenken, und wir senden Ihnen rechtzeitig einen ansprechend gestalteten, pers\u00f6nlichen Gutschein mit einem kleinen zus\u00e4tzlichen Geschenk an Sie!<\/span><\/p>\n<\/div><\/div><div class=\"w-image align_none\"><div class=\"w-image-h\"><img decoding=\"async\" width=\"1024\" height=\"737\" src=\"https:\/\/wildlife-workshop.de\/wp-content\/uploads\/2018\/08\/Gutschein_klein-1-1024x737.jpg\" class=\"attachment-large size-large\" alt=\"\" loading=\"lazy\" srcset=\"https:\/\/wildlife-workshop.de\/wp-content\/uploads\/2018\/08\/Gutschein_klein-1.jpg 1024w, https:\/\/wildlife-workshop.de\/wp-content\/uploads\/2018\/08\/Gutschein_klein-1-300x216.jpg 300w, https:\/\/wildlife-workshop.de\/wp-content\/uploads\/2018\/08\/Gutschein_klein-1-768x552.jpg 768w\" sizes=\"auto, (max-width: 1024px) 100vw, 1024px\" \/><\/div><\/div><div class=\"w-separator size_small with_line width_default thick_1 style_solid color_border align_center\"><div class=\"w-separator-h\"><\/div><\/div><div class=\"wpb_text_column\"><div class=\"wpb_wrapper\"><p class=\"programm_sub\"><strong>Sie haben Fragen? Wir beantworten sie gerne:<\/strong><\/p>\n<\/div><\/div><div class=\"w-iconbox iconpos_left style_default color_primary align_left no_text\"><div class=\"w-iconbox-icon\" style=\"font-size:27;\"><i class=\"fas fa-phone-volume\"><\/i><\/div><div class=\"w-iconbox-meta\"><h6 class=\"w-iconbox-title\">0177\u20138877835<\/h6><\/div><\/div><div class=\"w-separator size_small\"><\/div><div class=\"w-iconbox iconpos_left style_default color_primary align_left no_text\"><div class=\"w-iconbox-icon\" style=\"font-size:27;\"><i class=\"fas fa-envelope\"><\/i><\/div><div class=\"w-iconbox-meta\"><h6 class=\"w-iconbox-title\">naturfoto2000@aol.com<\/h6><\/div><\/div><div class=\"w-separator size_small\"><\/div><div class=\"wpb_text_column\"><div class=\"wpb_wrapper\"><p>Weitere Informationen zur Buchung und Durchf\u00fchrung finden Sie auch auf unserer\u00a0<span class=\"dgfett12\">Workshop-Info-Seite.<\/span><\/p>\n<\/div><\/div><div class=\"w-separator size_small with_line width_default thick_1 style_solid color_border align_center\"><div class=\"w-separator-h\"><\/div><\/div><div class=\"w-iconbox iconpos_left style_default color_primary align_left no_text\"><a href=\"http:\/\/wildlife-workshop.de\/?page_id=756\" class=\"w-iconbox-link\" aria-label=\"Zur Newsletter-Anmeldung\"><div class=\"w-iconbox-icon\" style=\"font-size:27;\"><i class=\"fas fa-paper-plane\"><\/i><\/div><\/a><div class=\"w-iconbox-meta\"><h6 class=\"w-iconbox-title\"><a href=\"http:\/\/wildlife-workshop.de\/?page_id=756\" class=\"w-iconbox-link\" aria-label=\"Zur Newsletter-Anmeldung\">Zur Newsletter-Anmeldung<\/a><\/h6><\/div><\/div><div class=\"w-separator size_small with_line width_default thick_1 style_solid color_border align_center\"><div class=\"w-separator-h\"><\/div><\/div><div class=\"w-image align_none\"><a title=\"Augenblicke eingefangen\" target=\" _blank\" rel=\"nofollow\" href=\"https:\/\/www.augenblicke-eingefangen.de\/catalog\/index.php\" aria-label=\"augenblicke\" class=\"w-image-h\"><img decoding=\"async\" width=\"636\" height=\"98\" src=\"https:\/\/wildlife-workshop.de\/wp-content\/uploads\/2018\/08\/augenblicke.png\" class=\"attachment-large size-large\" alt=\"\" loading=\"lazy\" srcset=\"https:\/\/wildlife-workshop.de\/wp-content\/uploads\/2018\/08\/augenblicke.png 636w, https:\/\/wildlife-workshop.de\/wp-content\/uploads\/2018\/08\/augenblicke-300x46.png 300w\" sizes=\"auto, (max-width: 636px) 100vw, 636px\" \/><\/a><\/div><\/div><\/div><\/div><\/div><\/div><\/section>\n","protected":false},"excerpt":{"rendered":"Intensivtag Adobe Photoshop Vom Chip zum Print &#8211; Bildbearbeitung f\u00fcr Fotografen Sie sind Analogfotograf und wollen nun in die digitale Technik einsteigen? Sie fotografieren bereits digital, sind aber mit der Bildbearbeitung am Computer noch nicht so vertraut? Sie sind Digital-Profi und wollen das Beste aus Ihren Bilddaten herausholen? Dann ist unser Intensivtag EBV genau das...","protected":false},"author":1,"featured_media":0,"parent":0,"menu_order":0,"comment_status":"closed","ping_status":"closed","template":"","meta":{"footnotes":""},"class_list":["post-218","page","type-page","status-publish","hentry"],"_links":{"self":[{"href":"https:\/\/wildlife-workshop.de\/index.php?rest_route=\/wp\/v2\/pages\/218","targetHints":{"allow":["GET"]}}],"collection":[{"href":"https:\/\/wildlife-workshop.de\/index.php?rest_route=\/wp\/v2\/pages"}],"about":[{"href":"https:\/\/wildlife-workshop.de\/index.php?rest_route=\/wp\/v2\/types\/page"}],"author":[{"embeddable":true,"href":"https:\/\/wildlife-workshop.de\/index.php?rest_route=\/wp\/v2\/users\/1"}],"replies":[{"embeddable":true,"href":"https:\/\/wildlife-workshop.de\/index.php?rest_route=%2Fwp%2Fv2%2Fcomments&post=218"}],"version-history":[{"count":8,"href":"https:\/\/wildlife-workshop.de\/index.php?rest_route=\/wp\/v2\/pages\/218\/revisions"}],"predecessor-version":[{"id":1080,"href":"https:\/\/wildlife-workshop.de\/index.php?rest_route=\/wp\/v2\/pages\/218\/revisions\/1080"}],"wp:attachment":[{"href":"https:\/\/wildlife-workshop.de\/index.php?rest_route=%2Fwp%2Fv2%2Fmedia&parent=218"}],"curies":[{"name":"wp","href":"https:\/\/api.w.org\/{rel}","templated":true}]}}