{"id":29,"date":"2018-08-22T13:52:30","date_gmt":"2018-08-22T11:52:30","guid":{"rendered":"http:\/\/wildlife-workshop.de\/?page_id=29"},"modified":"2020-11-21T07:49:04","modified_gmt":"2020-11-21T06:49:04","slug":"aus-der-praxis","status":"publish","type":"page","link":"https:\/\/wildlife-workshop.de\/?page_id=29","title":{"rendered":"Aus der Praxis"},"content":{"rendered":"<section class=\"l-section wpb_row height_auto width_full\"><div class=\"l-section-h i-cf\"><div class=\"g-cols vc_row via_flex valign_middle type_boxes stacking_default\"><div class=\"vc_col-sm-6 wpb_column vc_column_container has_bg_color\"><div class=\"vc_column-inner us_custom_c62f146d\"><div class=\"wpb_wrapper\"><div class=\"w-separator size_custom\" style=\"height:200\"><\/div><\/div><\/div><\/div><div class=\"vc_col-sm-6 wpb_column vc_column_container us_animate_afr\"><div class=\"vc_column-inner\"><div class=\"wpb_wrapper\"><div class=\"wpb_text_column\"><div class=\"wpb_wrapper\"><h3><strong>Erfahrungsberichte aus der Praxis<\/strong><\/h3>\n<p>Sie finden hier Erfahrungsberichte aus unserem Naturfotografen-Leben. Diese Berichte spiegeln unsere eigene, subjektive Erfahrung speziell aus dem Genre Naturfotografie wieder.\u00a0Wir m\u00f6chten darauf hinweisen, dass es sich bei diesen Berichten nicht um Tests, sondern um rein subjektive Eindr\u00fccke handelt, die wir nach Einsatz der beschriebenen Produkte in der Praxis hier ver\u00f6ffentlichen.<\/p>\n<\/div><\/div><\/div><\/div><\/div><\/div><\/div><\/section><section class=\"l-section wpb_row height_auto width_full\"><div class=\"l-section-h i-cf\"><div class=\"g-cols vc_row via_flex valign_middle type_boxes stacking_default\"><div class=\"vc_col-sm-6 wpb_column vc_column_container us_animate_afl\"><div class=\"vc_column-inner\"><div class=\"wpb_wrapper\"><div class=\"wpb_text_column\"><div class=\"wpb_wrapper\"><p>Als wir diese Webseite ins Leben gerufen haben, lagen die Produktzyklen von Objektiven &#8211; speziell der langen Telebrennweiten &#8211; bei rund 10 Jahren, bei Kameramodellen bei rund zwei Jahren. Das hat sich mittlerweile ge\u00e4ndert, zweimal im Jahr werden neue Kameramodelle in allen Leistungs- und Preisklassen pr\u00e4sentiert. Waren damals f\u00fcr die ernsthafte Naturfotografie nur Spiegelreflexsysteme denkbar, so sind heute auch System- und Bridgekameras in beeindruckender Qualit\u00e4t am Markt.<\/p>\n<p>Da wir uns nicht als Produkttester, sondern als professionelle (Natur)Fotografen verstehen, haben wir beschlossen diese schnellen Produktzyklen nicht mitzumachen, sondern bei unserem bew\u00e4hrtem Equipment zu bleiben. Es wird also in absehbarer Zeit keine neuen Erfahrungsberichte geben.<\/p>\n<\/div><\/div><\/div><\/div><\/div><div class=\"vc_col-sm-6 wpb_column vc_column_container has_bg_color\"><div class=\"vc_column-inner us_custom_f2bc5123\"><div class=\"wpb_wrapper\"><div class=\"w-separator size_custom\" style=\"height:200\"><\/div><\/div><\/div><\/div><\/div><\/div><\/section>\n","protected":false},"excerpt":{"rendered":"Erfahrungsberichte aus der Praxis Sie finden hier Erfahrungsberichte aus unserem Naturfotografen-Leben. Diese Berichte spiegeln unsere eigene, subjektive Erfahrung speziell aus dem Genre Naturfotografie wieder.\u00a0Wir m\u00f6chten darauf hinweisen, dass es sich bei diesen Berichten nicht um Tests, sondern um rein subjektive Eindr\u00fccke handelt, die wir nach Einsatz der beschriebenen Produkte in der Praxis hier ver\u00f6ffentlichen. Als...","protected":false},"author":1,"featured_media":0,"parent":0,"menu_order":0,"comment_status":"closed","ping_status":"closed","template":"","meta":{"footnotes":""},"class_list":["post-29","page","type-page","status-publish","hentry"],"_links":{"self":[{"href":"https:\/\/wildlife-workshop.de\/index.php?rest_route=\/wp\/v2\/pages\/29","targetHints":{"allow":["GET"]}}],"collection":[{"href":"https:\/\/wildlife-workshop.de\/index.php?rest_route=\/wp\/v2\/pages"}],"about":[{"href":"https:\/\/wildlife-workshop.de\/index.php?rest_route=\/wp\/v2\/types\/page"}],"author":[{"embeddable":true,"href":"https:\/\/wildlife-workshop.de\/index.php?rest_route=\/wp\/v2\/users\/1"}],"replies":[{"embeddable":true,"href":"https:\/\/wildlife-workshop.de\/index.php?rest_route=%2Fwp%2Fv2%2Fcomments&post=29"}],"version-history":[{"count":18,"href":"https:\/\/wildlife-workshop.de\/index.php?rest_route=\/wp\/v2\/pages\/29\/revisions"}],"predecessor-version":[{"id":1064,"href":"https:\/\/wildlife-workshop.de\/index.php?rest_route=\/wp\/v2\/pages\/29\/revisions\/1064"}],"wp:attachment":[{"href":"https:\/\/wildlife-workshop.de\/index.php?rest_route=%2Fwp%2Fv2%2Fmedia&parent=29"}],"curies":[{"name":"wp","href":"https:\/\/api.w.org\/{rel}","templated":true}]}}