{"id":472,"date":"2018-08-23T18:25:42","date_gmt":"2018-08-23T16:25:42","guid":{"rendered":"http:\/\/wildlife-workshop.de\/?page_id=472"},"modified":"2020-11-21T07:49:06","modified_gmt":"2020-11-21T06:49:06","slug":"stative-und-stativkoepfe","status":"publish","type":"page","link":"https:\/\/wildlife-workshop.de\/?page_id=472","title":{"rendered":"Stative und Stativk\u00f6pfe"},"content":{"rendered":"<section class=\"l-section wpb_row height_auto width_full\"><div class=\"l-section-h i-cf\"><div class=\"g-cols vc_row via_flex valign_middle type_boxes stacking_default\"><div class=\"vc_col-sm-6 wpb_column vc_column_container has_bg_color\"><div class=\"vc_column-inner us_custom_b60e15f3\"><div class=\"wpb_wrapper\"><div class=\"w-separator size_custom\" style=\"height:200\"><\/div><\/div><\/div><\/div><div class=\"vc_col-sm-6 wpb_column vc_column_container us_animate_afr\"><div class=\"vc_column-inner\"><div class=\"wpb_wrapper\"><div class=\"wpb_text_column\"><div class=\"wpb_wrapper\"><h3><strong>Stative und Stativk\u00f6pfe<\/strong><\/h3>\n<p>Erfahrungsberichte von Wolf-Dieter Peest und Stefan Ott.<\/p>\n<\/div><\/div><\/div><\/div><\/div><\/div><\/div><\/section><section class=\"l-section wpb_row height_auto width_full\"><div class=\"l-section-h i-cf\"><div class=\"g-cols vc_row via_flex valign_middle type_boxes stacking_default\"><div class=\"vc_col-sm-6 wpb_column vc_column_container us_animate_afl\"><div class=\"vc_column-inner\"><div class=\"wpb_wrapper\"><div class=\"w-grid us_grid type_grid layout_portfolio_14 cols_3 preload_style_spinner ratio_1x1\" id=\"us_grid_1\" style=\"--columns:3;--gap:1.5rem;--item-ratio:1;\" data-filterable=\"true\"><style>@media (max-width:1024px){#us_grid_1{--columns:2!important}}@media (max-width:600px){#us_grid_1{--columns:1!important}}.layout_portfolio_14 .w-grid-item-h{}.layout_portfolio_14 .usg_post_image_1{transition-duration:0.35s;transform-origin:100% 100%;transform:scale(1.15) translate(0%,0%)}.layout_portfolio_14 .w-grid-item-h:focus-within .usg_post_image_1,.layout_portfolio_14 .w-grid-item-h:hover .usg_post_image_1{transform:scale(1) translate(0%,0%);opacity:0.1}.layout_portfolio_14 .usg_post_title_1{transition-duration:0.35s;transform-origin:50% 50%;transform:scale(1) translate(-2rem,0%);opacity:0}.layout_portfolio_14 .w-grid-item-h:focus-within .usg_post_title_1,.layout_portfolio_14 .w-grid-item-h:hover .usg_post_title_1{transform:scale(1) translate(0%,0%);opacity:1}.layout_portfolio_14 .usg_post_taxonomy_1{transition-duration:0.35s;transform-origin:50% 50%;transform:scale(1) translate(-1rem,0%);opacity:0}.layout_portfolio_14 .w-grid-item-h:focus-within .usg_post_taxonomy_1,.layout_portfolio_14 .w-grid-item-h:hover .usg_post_taxonomy_1{transform:scale(1) translate(0%,0%);opacity:1}.layout_portfolio_14 .usg_post_image_1{position:absolute!important;top:0!important;right:0!important;bottom:0!important;left:0!important}.layout_portfolio_14 .usg_post_title_1{color:inherit!important;font-size:1.5rem!important}.layout_portfolio_14 .usg_vwrapper_1{position:absolute!important;right:0!important;bottom:0!important;left:0!important;padding:10%!important}<\/style><div class=\"w-grid-list\">\t<article class=\"w-grid-item size_1x1 post-440 us_portfolio type-us_portfolio status-publish has-post-thumbnail hentry us_portfolio_category-stative-und-stativkoepfe\" data-id=\"440\">\r\n\t\t<div class=\"w-grid-item-h\">\r\n\t\t\t\t\t\t\t<a href=\"https:\/\/wildlife-workshop.de\/?us_portfolio=berlebach-autoscheibenstativ\" class=\"w-grid-item-anchor\" aria-label=\"Berlebach Autoscheibenstativ\"><\/a>\r\n\t\t\t\t\t\t<div class=\"w-post-elm post_image usg_post_image_1 stretched\"><img loading=\"lazy\" decoding=\"async\" width=\"453\" height=\"503\" src=\"https:\/\/wildlife-workshop.de\/wp-content\/uploads\/2018\/08\/stativ.png\" class=\"attachment-large size-large wp-post-image\" alt=\"\" srcset=\"https:\/\/wildlife-workshop.de\/wp-content\/uploads\/2018\/08\/stativ.png 453w, https:\/\/wildlife-workshop.de\/wp-content\/uploads\/2018\/08\/stativ-270x300.png 270w\" sizes=\"auto, (max-width: 453px) 100vw, 453px\" \/><\/div><div class=\"w-vwrapper usg_vwrapper_1 align_none valign_bottom\"><div class=\"w-post-elm post_taxonomy usg_post_taxonomy_1 style_simple color_link_inherit\"><span class=\"term-7 term-stative-und-stativkoepfe\">Stative und Stativk\u00f6pfe<\/span><\/div><h2 class=\"w-post-elm post_title usg_post_title_1 has_text_color entry-title color_link_inherit\">Berlebach Autoscheibenstativ<\/h2><\/div>\t\t<\/div>\r\n\t\t\t<\/article>\r\n\t<article class=\"w-grid-item size_1x1 post-436 us_portfolio type-us_portfolio status-publish has-post-thumbnail hentry us_portfolio_category-stative-und-stativkoepfe\" data-id=\"436\">\r\n\t\t<div class=\"w-grid-item-h\">\r\n\t\t\t\t\t\t\t<a href=\"https:\/\/wildlife-workshop.de\/?us_portfolio=burzynski-telestuetze\" class=\"w-grid-item-anchor\" aria-label=\"Burzynski Telest\u00fctze\"><\/a>\r\n\t\t\t\t\t\t<div class=\"w-post-elm post_image usg_post_image_1 stretched\"><img loading=\"lazy\" decoding=\"async\" width=\"453\" height=\"503\" src=\"https:\/\/wildlife-workshop.de\/wp-content\/uploads\/2018\/08\/stativ.png\" class=\"attachment-large size-large wp-post-image\" alt=\"\" srcset=\"https:\/\/wildlife-workshop.de\/wp-content\/uploads\/2018\/08\/stativ.png 453w, https:\/\/wildlife-workshop.de\/wp-content\/uploads\/2018\/08\/stativ-270x300.png 270w\" sizes=\"auto, (max-width: 453px) 100vw, 453px\" \/><\/div><div class=\"w-vwrapper usg_vwrapper_1 align_none valign_bottom\"><div class=\"w-post-elm post_taxonomy usg_post_taxonomy_1 style_simple color_link_inherit\"><span class=\"term-7 term-stative-und-stativkoepfe\">Stative und Stativk\u00f6pfe<\/span><\/div><h2 class=\"w-post-elm post_title usg_post_title_1 has_text_color entry-title color_link_inherit\">Burzynski Telest\u00fctze<\/h2><\/div>\t\t<\/div>\r\n\t\t\t<\/article>\r\n\t<article class=\"w-grid-item size_1x1 post-434 us_portfolio type-us_portfolio status-publish has-post-thumbnail hentry us_portfolio_category-stative-und-stativkoepfe\" data-id=\"434\">\r\n\t\t<div class=\"w-grid-item-h\">\r\n\t\t\t\t\t\t\t<a href=\"https:\/\/wildlife-workshop.de\/?us_portfolio=gitzo-qr-gh2720qr\" class=\"w-grid-item-anchor\" aria-label=\"Gitzo QR GH2720QR\"><\/a>\r\n\t\t\t\t\t\t<div class=\"w-post-elm post_image usg_post_image_1 stretched\"><img loading=\"lazy\" decoding=\"async\" width=\"453\" height=\"503\" src=\"https:\/\/wildlife-workshop.de\/wp-content\/uploads\/2018\/08\/stativ.png\" class=\"attachment-large size-large wp-post-image\" alt=\"\" srcset=\"https:\/\/wildlife-workshop.de\/wp-content\/uploads\/2018\/08\/stativ.png 453w, https:\/\/wildlife-workshop.de\/wp-content\/uploads\/2018\/08\/stativ-270x300.png 270w\" sizes=\"auto, (max-width: 453px) 100vw, 453px\" \/><\/div><div class=\"w-vwrapper usg_vwrapper_1 align_none valign_bottom\"><div class=\"w-post-elm post_taxonomy usg_post_taxonomy_1 style_simple color_link_inherit\"><span class=\"term-7 term-stative-und-stativkoepfe\">Stative und Stativk\u00f6pfe<\/span><\/div><h2 class=\"w-post-elm post_title usg_post_title_1 has_text_color entry-title color_link_inherit\">Gitzo QR GH2720QR<\/h2><\/div>\t\t<\/div>\r\n\t\t\t<\/article>\r\n\t<article class=\"w-grid-item size_1x1 post-432 us_portfolio type-us_portfolio status-publish has-post-thumbnail hentry us_portfolio_category-stative-und-stativkoepfe\" data-id=\"432\">\r\n\t\t<div class=\"w-grid-item-h\">\r\n\t\t\t\t\t\t\t<a href=\"https:\/\/wildlife-workshop.de\/?us_portfolio=wimberley-head-ii\" class=\"w-grid-item-anchor\" aria-label=\"Wimberley Head II\"><\/a>\r\n\t\t\t\t\t\t<div class=\"w-post-elm post_image usg_post_image_1 stretched\"><img loading=\"lazy\" decoding=\"async\" width=\"453\" height=\"503\" src=\"https:\/\/wildlife-workshop.de\/wp-content\/uploads\/2018\/08\/stativ.png\" class=\"attachment-large size-large wp-post-image\" alt=\"\" srcset=\"https:\/\/wildlife-workshop.de\/wp-content\/uploads\/2018\/08\/stativ.png 453w, https:\/\/wildlife-workshop.de\/wp-content\/uploads\/2018\/08\/stativ-270x300.png 270w\" sizes=\"auto, (max-width: 453px) 100vw, 453px\" \/><\/div><div class=\"w-vwrapper usg_vwrapper_1 align_none valign_bottom\"><div class=\"w-post-elm post_taxonomy usg_post_taxonomy_1 style_simple color_link_inherit\"><span class=\"term-7 term-stative-und-stativkoepfe\">Stative und Stativk\u00f6pfe<\/span><\/div><h2 class=\"w-post-elm post_title usg_post_title_1 has_text_color entry-title color_link_inherit\">Wimberley Head II<\/h2><\/div>\t\t<\/div>\r\n\t\t\t<\/article>\r\n\t<article class=\"w-grid-item size_1x1 post-430 us_portfolio type-us_portfolio status-publish has-post-thumbnail hentry us_portfolio_category-stative-und-stativkoepfe\" data-id=\"430\">\r\n\t\t<div class=\"w-grid-item-h\">\r\n\t\t\t\t\t\t\t<a href=\"https:\/\/wildlife-workshop.de\/?us_portfolio=berlebach-report\" class=\"w-grid-item-anchor\" aria-label=\"Berlebach Report\"><\/a>\r\n\t\t\t\t\t\t<div class=\"w-post-elm post_image usg_post_image_1 stretched\"><img loading=\"lazy\" decoding=\"async\" width=\"453\" height=\"503\" src=\"https:\/\/wildlife-workshop.de\/wp-content\/uploads\/2018\/08\/stativ.png\" class=\"attachment-large size-large wp-post-image\" alt=\"\" srcset=\"https:\/\/wildlife-workshop.de\/wp-content\/uploads\/2018\/08\/stativ.png 453w, https:\/\/wildlife-workshop.de\/wp-content\/uploads\/2018\/08\/stativ-270x300.png 270w\" sizes=\"auto, (max-width: 453px) 100vw, 453px\" \/><\/div><div class=\"w-vwrapper usg_vwrapper_1 align_none valign_bottom\"><div class=\"w-post-elm post_taxonomy usg_post_taxonomy_1 style_simple color_link_inherit\"><span class=\"term-7 term-stative-und-stativkoepfe\">Stative und Stativk\u00f6pfe<\/span><\/div><h2 class=\"w-post-elm post_title usg_post_title_1 has_text_color entry-title color_link_inherit\">Berlebach Report<\/h2><\/div>\t\t<\/div>\r\n\t\t\t<\/article>\r\n\t<article class=\"w-grid-item size_1x1 post-428 us_portfolio type-us_portfolio status-publish has-post-thumbnail hentry us_portfolio_category-stative-und-stativkoepfe\" data-id=\"428\">\r\n\t\t<div class=\"w-grid-item-h\">\r\n\t\t\t\t\t\t\t<a href=\"https:\/\/wildlife-workshop.de\/?us_portfolio=flm-cb58-ft\" class=\"w-grid-item-anchor\" aria-label=\"FLM CB58 FT\"><\/a>\r\n\t\t\t\t\t\t<div class=\"w-post-elm post_image usg_post_image_1 stretched\"><img loading=\"lazy\" decoding=\"async\" width=\"453\" height=\"503\" src=\"https:\/\/wildlife-workshop.de\/wp-content\/uploads\/2018\/08\/stativ.png\" class=\"attachment-large size-large wp-post-image\" alt=\"\" srcset=\"https:\/\/wildlife-workshop.de\/wp-content\/uploads\/2018\/08\/stativ.png 453w, https:\/\/wildlife-workshop.de\/wp-content\/uploads\/2018\/08\/stativ-270x300.png 270w\" sizes=\"auto, (max-width: 453px) 100vw, 453px\" \/><\/div><div class=\"w-vwrapper usg_vwrapper_1 align_none valign_bottom\"><div class=\"w-post-elm post_taxonomy usg_post_taxonomy_1 style_simple color_link_inherit\"><span class=\"term-7 term-stative-und-stativkoepfe\">Stative und Stativk\u00f6pfe<\/span><\/div><h2 class=\"w-post-elm post_title usg_post_title_1 has_text_color entry-title color_link_inherit\">FLM CB58 FT<\/h2><\/div>\t\t<\/div>\r\n\t\t\t<\/article>\r\n\t<article class=\"w-grid-item size_1x1 post-426 us_portfolio type-us_portfolio status-publish has-post-thumbnail hentry us_portfolio_category-stative-und-stativkoepfe\" data-id=\"426\">\r\n\t\t<div class=\"w-grid-item-h\">\r\n\t\t\t\t\t\t\t<a href=\"https:\/\/wildlife-workshop.de\/?us_portfolio=sachtler-eng-2-und-dv-8\" class=\"w-grid-item-anchor\" aria-label=\"Sachtler Eng 2 und DV 8\"><\/a>\r\n\t\t\t\t\t\t<div class=\"w-post-elm post_image usg_post_image_1 stretched\"><img loading=\"lazy\" decoding=\"async\" width=\"453\" height=\"503\" src=\"https:\/\/wildlife-workshop.de\/wp-content\/uploads\/2018\/08\/stativ.png\" class=\"attachment-large size-large wp-post-image\" alt=\"\" srcset=\"https:\/\/wildlife-workshop.de\/wp-content\/uploads\/2018\/08\/stativ.png 453w, https:\/\/wildlife-workshop.de\/wp-content\/uploads\/2018\/08\/stativ-270x300.png 270w\" sizes=\"auto, (max-width: 453px) 100vw, 453px\" \/><\/div><div class=\"w-vwrapper usg_vwrapper_1 align_none valign_bottom\"><div class=\"w-post-elm post_taxonomy usg_post_taxonomy_1 style_simple color_link_inherit\"><span class=\"term-7 term-stative-und-stativkoepfe\">Stative und Stativk\u00f6pfe<\/span><\/div><h2 class=\"w-post-elm post_title usg_post_title_1 has_text_color entry-title color_link_inherit\">Sachtler Eng 2 und DV 8<\/h2><\/div>\t\t<\/div>\r\n\t\t\t<\/article>\r\n\t<article class=\"w-grid-item size_1x1 post-424 us_portfolio type-us_portfolio status-publish has-post-thumbnail hentry us_portfolio_category-stative-und-stativkoepfe\" data-id=\"424\">\r\n\t\t<div class=\"w-grid-item-h\">\r\n\t\t\t\t\t\t\t<a href=\"https:\/\/wildlife-workshop.de\/?us_portfolio=grundsaetzliches-zum-stativ\" class=\"w-grid-item-anchor\" aria-label=\"Grunds\u00e4tzliches zum Stativ\"><\/a>\r\n\t\t\t\t\t\t<div class=\"w-post-elm post_image usg_post_image_1 stretched\"><img loading=\"lazy\" decoding=\"async\" width=\"453\" height=\"503\" src=\"https:\/\/wildlife-workshop.de\/wp-content\/uploads\/2018\/08\/stativ.png\" class=\"attachment-large size-large wp-post-image\" alt=\"\" srcset=\"https:\/\/wildlife-workshop.de\/wp-content\/uploads\/2018\/08\/stativ.png 453w, https:\/\/wildlife-workshop.de\/wp-content\/uploads\/2018\/08\/stativ-270x300.png 270w\" sizes=\"auto, (max-width: 453px) 100vw, 453px\" \/><\/div><div class=\"w-vwrapper usg_vwrapper_1 align_none valign_bottom\"><div class=\"w-post-elm post_taxonomy usg_post_taxonomy_1 style_simple color_link_inherit\"><span class=\"term-7 term-stative-und-stativkoepfe\">Stative und Stativk\u00f6pfe<\/span><\/div><h2 class=\"w-post-elm post_title usg_post_title_1 has_text_color entry-title color_link_inherit\">Grunds\u00e4tzliches zum Stativ<\/h2><\/div>\t\t<\/div>\r\n\t\t\t<\/article>\r\n<\/div>\t<div class=\"w-grid-preloader\">\r\n\t\t<div class=\"g-preloader type_1\">\r\n\t\t\t<div><\/div>\r\n\t\t<\/div>\r\n\t<\/div>\r\n\t\t<div class=\"w-grid-json hidden\" onclick='return {&quot;action&quot;:&quot;us_ajax_grid&quot;,&quot;infinite_scroll&quot;:0,&quot;max_num_pages&quot;:1,&quot;pagination&quot;:&quot;none&quot;,&quot;template_vars&quot;:{&quot;columns&quot;:&quot;3&quot;,&quot;exclude_items&quot;:&quot;none&quot;,&quot;img_size&quot;:&quot;default&quot;,&quot;ignore_items_size&quot;:0,&quot;items_layout&quot;:&quot;portfolio_14&quot;,&quot;items_offset&quot;:&quot;1&quot;,&quot;load_animation&quot;:&quot;none&quot;,&quot;overriding_link&quot;:&quot;%7B%22type%22%3A%22post%22%7D&quot;,&quot;post_id&quot;:0,&quot;query_args&quot;:{&quot;post_type&quot;:[&quot;us_portfolio&quot;],&quot;tax_query&quot;:[{&quot;taxonomy&quot;:&quot;us_portfolio_category&quot;,&quot;field&quot;:&quot;slug&quot;,&quot;terms&quot;:[&quot;stative-und-stativkoepfe&quot;]}],&quot;post_status&quot;:[&quot;publish&quot;],&quot;posts_per_page&quot;:999},&quot;orderby_query_args&quot;:{&quot;orderby&quot;:{&quot;date&quot;:&quot;DESC&quot;}},&quot;type&quot;:&quot;grid&quot;,&quot;us_grid_post_type&quot;:&quot;us_portfolio&quot;,&quot;us_grid_ajax_index&quot;:1,&quot;us_grid_filter_query_string&quot;:null,&quot;us_grid_index&quot;:1,&quot;page_args&quot;:[]}}'><\/div>\r\n\t<\/div><\/div><\/div><\/div><div class=\"vc_col-sm-6 wpb_column vc_column_container has_bg_color\"><div class=\"vc_column-inner us_custom_c933d62e\"><div class=\"wpb_wrapper\"><div class=\"w-separator size_custom\" style=\"height:200\"><\/div><\/div><\/div><\/div><\/div><\/div><\/section><section class=\"l-section wpb_row height_auto width_full\"><div class=\"l-section-h i-cf\"><div class=\"g-cols vc_row via_flex valign_middle type_boxes stacking_default\"><div class=\"vc_col-sm-6 wpb_column vc_column_container has_bg_color\"><div class=\"vc_column-inner us_custom_175d3b60\"><div class=\"wpb_wrapper\"><div class=\"w-separator size_custom\" style=\"height:200\"><\/div><\/div><\/div><\/div><div class=\"vc_col-sm-6 wpb_column vc_column_container us_animate_afr\"><div class=\"vc_column-inner\"><div class=\"wpb_wrapper\"><div class=\"wpb_text_column\"><div class=\"wpb_wrapper\"><h3>Gutschein f\u00fcr Eisvogel &amp; Co.<\/h3>\n<h5>Das besondere Geschenk<\/h5>\n<p>Sie suchen noch ein passendes Geschenk f\u00fcr Sie oder Ihn?<\/p>\n<p><span class=\"dgmager14\">Wir haben etwas ganz Besonderes \u2013 verschenken Sie doch mal einen Gutschein f\u00fcr einen Fotoworkshop oder f\u00fcr eine Foto-Session auf \u00bbEisvogel &amp; Co\u00ab oder \u00bbGreife im Winter\u00ab!<\/span><\/p>\n<p><span class=\"dgmager14\">Zu Ihrem gew\u00fcnschten Termin und garantiert von Erfolg gekr\u00f6nt! Wie w\u00e4re es mit einem Intensivtag \u00bbDigitale Bildbearbeitung\u00ab? Jetzt einen Gutschein verschenken, und wir senden Ihnen rechtzeitig einen ansprechend gestalteten, pers\u00f6nlichen Gutschein mit einem kleinen zus\u00e4tzlichen Geschenk an Sie!<\/span><\/p>\n<\/div><\/div><\/div><\/div><\/div><\/div><\/div><\/section>\n","protected":false},"excerpt":{"rendered":"Sie haben Fragen? Wir beantworten sie gerne: 0177\u20138877835naturfoto2000@aol.com Grunds\u00e4tzliches zum Stativ Ein gutes Stativ ist die Voraussetzung f\u00fcr gute Bilder, meint Stefan Ott. Kaum ein Zubeh\u00f6rteil in der Naturfotografie wird so geliebt, gehasst, und gleichzeitig vernachl\u00e4ssigt wie das Stativ. L\u00e4stig zu transportieren, schwer, unhandlich, mit Verstellmechanismen die klemmen, wenn sie loslassen und in sich zusammenrutschen,...","protected":false},"author":1,"featured_media":0,"parent":0,"menu_order":0,"comment_status":"closed","ping_status":"closed","template":"","meta":{"footnotes":""},"class_list":["post-472","page","type-page","status-publish","hentry"],"_links":{"self":[{"href":"https:\/\/wildlife-workshop.de\/index.php?rest_route=\/wp\/v2\/pages\/472","targetHints":{"allow":["GET"]}}],"collection":[{"href":"https:\/\/wildlife-workshop.de\/index.php?rest_route=\/wp\/v2\/pages"}],"about":[{"href":"https:\/\/wildlife-workshop.de\/index.php?rest_route=\/wp\/v2\/types\/page"}],"author":[{"embeddable":true,"href":"https:\/\/wildlife-workshop.de\/index.php?rest_route=\/wp\/v2\/users\/1"}],"replies":[{"embeddable":true,"href":"https:\/\/wildlife-workshop.de\/index.php?rest_route=%2Fwp%2Fv2%2Fcomments&post=472"}],"version-history":[{"count":7,"href":"https:\/\/wildlife-workshop.de\/index.php?rest_route=\/wp\/v2\/pages\/472\/revisions"}],"predecessor-version":[{"id":1114,"href":"https:\/\/wildlife-workshop.de\/index.php?rest_route=\/wp\/v2\/pages\/472\/revisions\/1114"}],"wp:attachment":[{"href":"https:\/\/wildlife-workshop.de\/index.php?rest_route=%2Fwp%2Fv2%2Fmedia&parent=472"}],"curies":[{"name":"wp","href":"https:\/\/api.w.org\/{rel}","templated":true}]}}