{"id":99,"date":"2018-08-22T15:35:13","date_gmt":"2018-08-22T13:35:13","guid":{"rendered":"http:\/\/wildlife-workshop.de\/?page_id=99"},"modified":"2021-10-08T08:14:03","modified_gmt":"2021-10-08T06:14:03","slug":"workshop-info-seite","status":"publish","type":"page","link":"https:\/\/wildlife-workshop.de\/?page_id=99","title":{"rendered":"Workshop-Info-Seite"},"content":{"rendered":"<section class=\"l-section wpb_row height_medium\"><div class=\"l-section-h i-cf\"><div class=\"g-cols vc_row via_flex valign_top type_default stacking_default\"><div class=\"vc_col-sm-8 wpb_column vc_column_container\"><div class=\"vc_column-inner\"><div class=\"wpb_wrapper\"><div class=\"wpb_text_column\"><div class=\"wpb_wrapper\"><h3><strong>Wissenswertes zu unseren Workshops<\/strong><\/h3>\n<p><strong>Welche Voraussetzungen muss man als Fotograf mitbringen, um an einer Fotoexkursion bei Wildlife-Workshop teilzunehmen?<\/strong><\/p>\n<p>Fotografisch m\u00fcssen Sie kein Profi sein, sollten aber wissen, wo bei einer Spiegelreflexkamera vorn und hinten ist. Den Rest lernen Sie dann bei uns.<\/p>\n<h6><strong>Wie buche ich einen Workshop bei euch??<\/strong><\/h6>\n<p>Auf jeder Workshop-Seite haben wir f\u00fcr Sie ein PDF-Formular hinterlegt, welches Sie sich auf Ihren Rechner laden, ausdrucken und ausgef\u00fcllt an uns per Fax (07141-697441) oder per Post zur\u00fccksenden. Selbstverst\u00e4ndlich k\u00f6nnen Sie auch ganz formlos per E-Mail oder Brief bestellen &#8211; aber schriftlich sollte es schon sein. Voranfragen und Vorreservierungen k\u00f6nnen Sie nat\u00fcrlich auch per Telefon unter 0177-8877835 t\u00e4tigen. Bei schriftlicher Buchung erhalten Sie eine Buchungsbest\u00e4tigung von uns.<\/p>\n<h6><strong>Informationen in gedruckter Form und Formulare zum Download finden Sie hier:<\/strong><\/h6>\n<ul>\n<li><a class=\"dgfettlinie14\" title=\"Fotoreisen mit Wildlife-Workshop\" href=\"http:\/\/www.wildlife-workshop.de\/cms\/upload\/wws_eisvogel.pdf\">Eisvogel &amp; Co in Salzhemmendorf\/Hannover<br \/>\n(wws_eisvogel.pdf, 760 kb)<\/a><\/li>\n<li><a class=\"dgfettlinie14\" title=\"Wildlife in Salzhemmendorf\" href=\"http:\/\/www.wildlife-workshop.de\/cms\/upload\/wws_winter.pdf\">Winter-Workshops in Salzhemmendorf\/Hannover<br \/>\n(wws_winter.pdf, 356 kb)<\/a><\/li>\n<\/ul>\n<p>(So laden und speichern Sie PDF-Dokumente: Klick mit rechter Maustaste, dann &#8222;speichern unter&#8220; oder &#8222;\u00f6ffnen&#8220; w\u00e4hlen. Sie ben\u00f6tigen zum Lesen und Ausdrucken den kostenlos erh\u00e4ltlichen\u00a0<a class=\"dgfettlinie14\" href=\"http:\/\/www.adobe.de\/\" target=\"_blank\" rel=\"noopener noreferrer\">Acrobat Reader<\/a>\u00a0)<\/p>\n<h6><strong>Wildlife-Fotografie<\/strong><\/h6>\n<p>Wir fotografieren ausschlie\u00dflich \u00bbwildlife\u00ab, das hei\u00dft drau\u00dfen in der freien Natur unter teils schwierigen Bedingungen. Wir bereiten unsere Fotopl\u00e4tze bestm\u00f6glich vor. Auf das Wetter haben wir jedoch keinen Einfluss. Wir gehen nicht in Zoos oder Tierparks. Das bedeutet, Sie m\u00fcssen ein paar Dinge beachten:<\/p>\n<ol>\n<li>Unauff\u00e4llige Kleidung in gedeckten Farben (keine roten Jacken, keine neonfarbenen H\u00fcte!)<\/li>\n<li>Praktische, warme, wasserdichte Kleidung (im Winter ist es drau\u00dfen kalt, bei Regen ist es drau\u00dfen nass)<\/li>\n<li>Gutes und festes Schuhwerk, zus\u00e4tzlich Gummistiefel<\/li>\n<li>Isomatte oder \u00e4hnliches zum Sitzen oder Knien<\/li>\n<li>M\u00fctze und Handschuhe f\u00fcr die kalte Jahreszeit<\/li>\n<\/ol>\n<h6><strong>Verhalten<\/strong><\/h6>\n<p>Wir sind im Lebensraum von Tieren und Pflanzen zu Gast und wir sollten uns dort auch wie G\u00e4ste benehmen.<\/p>\n<ol>\n<li>Wir bewegen uns so vorsichtig wie m\u00f6glich.<\/li>\n<li>Wir f\u00fcgen uns in die Natur ein (gedeckte Kleidung, leises Sprechen).<\/li>\n<li>Wir lassen keine Abf\u00e4lle zur\u00fcck.<\/li>\n<\/ol>\n<h6><strong>Ausr\u00fcstung<\/strong><\/h6>\n<p>Eine gute Ausr\u00fcstung zwar kein Garant f\u00fcr gute Bilder, aber sie macht viele Bilder erst m\u00f6glich. Folgende Dinge sollten Sie deshalb mitbringen:<\/p>\n<ul>\n<li>eine Spiegelreflexkamera<\/li>\n<li>ein Teleobjektiv mit mindestens 200mm Brennweite<\/li>\n<li>ein Makroobjektiv (bei den entsprechenden Kursen)<\/li>\n<li>ein eigenes Laptop (f\u00fcr Digitalfotografen)<\/li>\n<\/ul>\n<p>Eine ausf\u00fchrliche Liste finden Sie jeweils bei den einzelnen Workshop-Beschreibungen. Im Zweifelsfalle rufen Sie uns einfach an, wir beraten Sie gerne.<\/p>\n<h6><strong>Ein wichtiger Hinweis<\/strong><\/h6>\n<p>Naturfotografie ist keine Hallensportart &#8211; das bedeutet, wir m\u00fcssen uns den Wetterverh\u00e4ltnissen unterordnen. Sollte es w\u00e4hrend des Workshops oder Ihres Individualtermins regnen, schneien, der Wind von der falschen Seite kommen, das Licht nicht den Vorstellungen entsprechen, die V\u00f6gel gar nicht oder nur von links anfliegen u.v.m., dann liegt das nicht in unserem Verantwortungsbereich. Bitte haben Sie Verst\u00e4ndnis, dass wir in diesem Falle die Teilnahmegeb\u00fchren nicht zur\u00fcckerstatten k\u00f6nnen.<\/p>\n<h6><strong>Das Kleingedruckte (AGB)<\/strong><\/h6>\n<ol>\n<li>Anmeldung<br \/>\nDie Anmeldung erfolgt schriftlich \u00fcber unser Online-Formular, per Email, Fax oder Brief f\u00fcr die gew\u00fcnschte Veranstaltung. Die Anmeldungen werden in der Reihenfolge des Eingangs ber\u00fccksichtigt. Die Teilnehmer bekommen im Anschluss eine Anmeldebest\u00e4tigung.<\/li>\n<li>Anmeldegeb\u00fchr \/ Teilnahmegeb\u00fchr<br \/>\nDie Teilnahmegeb\u00fchr richtet sich nach dem auf der Internetseite www.wildlife-workshop.de ver\u00f6ffentlichten Programm und beinhaltet die gesetzliche Mehrwertsteuer. Die Kosten der Anreise sind nicht durch die Anmeldegeb\u00fchr gedeckt. Bei der Anmeldung wird ein Teilbetrag der Teilnahmegeb\u00fchr f\u00e4llig. Dieser Betrag ist dem jeweiligen Programm zu entnehmen. Bei Anmeldung weniger als sieben Tage vor Veranstaltungs-Beginn ist die volle Geb\u00fchr zu entrichten. Die gesamte Teilnahmegeb\u00fchr ist binnen zwei Wochen nach Erhalt der Anmeldebest\u00e4tigung f\u00e4llig. Ohne Anmeldebest\u00e4tigung und ohne erfolgte Zahlung besteht seitens des Teilnehmers kein Anspruch auf Teilnahme.<\/li>\n<li>Gutscheine\/Geschenkgutscheine<br \/>\nGutscheine\/Geschenkgutscheine\u00a0k\u00f6nnen ausschliesslich f\u00fcr Workshop-Angebote von Wildlife-Workshop eingel\u00f6st werden. Umtausch oder Barauszahlung des Gutscheinwertes ist ausgeschlossen.<\/li>\n<li>R\u00fccktritt<br \/>\nBei R\u00fccktritt bis 8 Wochen vor Beginn des Seminars erhalten Sie den vollen Betrag zur\u00fcck. Danach erstatten wir bei R\u00fccktritt den vollen Preis, wenn der Platz neu besetzt werden kann. Bei einem sp\u00e4teren R\u00fccktritt werden folgende Stornokosten berechnet: bis zum 20. Tag vor Beginn 25 % des Seminarpreises; vom 19. Tag bis einen Tag vor Beginn 75 % des Seminarpreises; bei Nichterscheinen 100 % des Seminarpreises. Wir empfehlen eine Reiser\u00fccktritts-Versicherung. Selbstverst\u00e4ndlich ist die Teilnahme einer Ersatzperson nach Absprache m\u00f6glich. Der R\u00fccktritt bzw. die Teilnahme einer Ersatzperson muss in schriftlicher Form erfolgen.<\/li>\n<li>Leistungsumfang<br \/>\nDie Veranstaltungsinhalte ergeben sich aus den Beschreibungen in der Ausschreibung. Die Teilnahme an allen Veranstaltungen erfolgt auf eigene Gefahr. Wildlife-Workshop kann nicht f\u00fcr Sch\u00e4den haftbar gemacht werden, es sei denn, dass der betreffende Schaden vors\u00e4tzlich oder grob fahrl\u00e4ssig durch Wildlife-Workshop verursacht wurde. F\u00fcr die Durchf\u00fchrung wetterabh\u00e4ngiger Veranstaltungen \u00fcbernimmt Wildlife-Workshop keine Gew\u00e4hr. F\u00fcr die bei Veranstaltungen von Partner-Firmen oder Wildlife-Workshop zur Verf\u00fcgung gestellte Leihausr\u00fcstung ist der Teilnehmer f\u00fcr einen verursachten Schaden haftbar, wenn er einen Schaden vors\u00e4tzlich oder grob fahrl\u00e4ssig verursacht hat. F\u00fcr eigene Ausr\u00fcstungen der Teilnehmer \u00fcbernimmt Wildlife-Workshop keine Haftung.<\/li>\n<li>Durchf\u00fchrungs\u00e4nderungen<br \/>\nWir behalten uns vor, eine Veranstaltung gegebenenfalls zu verschieben, falls die individuelle Mindestteilnehmerzahl nicht erreicht wird oder andere Gr\u00fcnde (z.B. Krankheit eines Referenten) vorliegen. Ebenso behalten wir uns vor, andere Referenten als die im Programm genannten einzusetzen und einzelne Programmpunkte vor Ort aufgrund \u00e4usserer Umst\u00e4nde zu streichen oder zu \u00e4ndern. Die eventuell geleistete Anzahlung wird Ihnen in Form eines Wertgutscheines f\u00fcr eine andere unserer Veranstaltungen gutgeschrieben.<\/li>\n<\/ol>\n<\/div><\/div><\/div><\/div><\/div><div class=\"vc_col-sm-4 wpb_column vc_column_container has_bg_color\"><div class=\"vc_column-inner us_custom_c57788b4\"><div class=\"wpb_wrapper\"><div class=\"wpb_text_column\"><div class=\"wpb_wrapper\"><h5><strong>Das besondere Geschenk<\/strong><\/h5>\n<p><strong>Sie suchen noch ein passendes Geschenk f\u00fcr Sie oder Ihn?<\/strong><\/p>\n<p><span class=\"dgmager14\">Wir haben etwas ganz Besonderes \u2013 verschenken Sie doch mal einen Gutschein f\u00fcr einen Fotoworkshop oder f\u00fcr eine Foto-Session auf \u00bbEisvogel &amp; Co\u00ab oder \u00bbGreife im Winter\u00ab!\u00a0 Zu Ihrem gew\u00fcnschten Termin und garantiert von Erfolg gekr\u00f6nt! Wie w\u00e4re es mit einem Intensivtag \u00bbDigitale Bildbearbeitung\u00ab? Jetzt einen Gutschein verschenken, und wir senden Ihnen rechtzeitig einen ansprechend gestalteten, pers\u00f6nlichen Gutschein mit einem kleinen zus\u00e4tzlichen Geschenk an Sie!<\/span><\/p>\n<\/div><\/div><div class=\"w-image align_none\"><div class=\"w-image-h\"><img decoding=\"async\" width=\"1024\" height=\"737\" src=\"https:\/\/wildlife-workshop.de\/wp-content\/uploads\/2018\/08\/Gutschein_klein-1-1024x737.jpg\" class=\"attachment-large size-large\" alt=\"\" loading=\"lazy\" srcset=\"https:\/\/wildlife-workshop.de\/wp-content\/uploads\/2018\/08\/Gutschein_klein-1.jpg 1024w, https:\/\/wildlife-workshop.de\/wp-content\/uploads\/2018\/08\/Gutschein_klein-1-300x216.jpg 300w, https:\/\/wildlife-workshop.de\/wp-content\/uploads\/2018\/08\/Gutschein_klein-1-768x552.jpg 768w\" sizes=\"auto, (max-width: 1024px) 100vw, 1024px\" \/><\/div><\/div><div class=\"w-text us_custom_0f8f44b7\"><span class=\"w-text-h\"><span class=\"w-text-value\">Unsere Gutscheine sind ab Ausstellungsdatum 3 Jahre g\u00fcltig. Keine Barabl\u00f6sung.<\/span><\/span><\/div><div class=\"w-separator size_small with_line width_default thick_1 style_solid color_border align_center\"><div class=\"w-separator-h\"><\/div><\/div><div class=\"wpb_text_column\"><div class=\"wpb_wrapper\"><p class=\"programm_sub\"><strong>Sie haben Fragen? Wir beantworten sie gerne:<\/strong><\/p>\n<\/div><\/div><div class=\"w-iconbox iconpos_left style_default color_primary align_left no_text\"><div class=\"w-iconbox-icon\" style=\"font-size:27;\"><i class=\"fas fa-phone-volume\"><\/i><\/div><div class=\"w-iconbox-meta\"><h6 class=\"w-iconbox-title\">0177\u20138877835<\/h6><\/div><\/div><div class=\"w-separator size_small\"><\/div><div class=\"w-iconbox iconpos_left style_default color_primary align_left no_text\"><div class=\"w-iconbox-icon\" style=\"font-size:27;\"><i class=\"fas fa-envelope\"><\/i><\/div><div class=\"w-iconbox-meta\"><h6 class=\"w-iconbox-title\">naturfoto2000@aol.com<\/h6><\/div><\/div><div class=\"w-separator size_small\"><\/div><div class=\"wpb_text_column\"><div class=\"wpb_wrapper\"><p>Weitere Informationen zur Buchung und Durchf\u00fchrung finden Sie auch auf unserer\u00a0<span class=\"dgfett12\">Workshop-Info-Seite.<\/span><\/p>\n<\/div><\/div><div class=\"w-separator size_small with_line width_default thick_1 style_solid color_border align_center\"><div class=\"w-separator-h\"><\/div><\/div><div class=\"w-iconbox iconpos_left style_default color_primary align_left no_text\"><div class=\"w-iconbox-icon\" style=\"font-size:27;\"><i class=\"fas fa-paper-plane\"><\/i><\/div><div class=\"w-iconbox-meta\"><h6 class=\"w-iconbox-title\">Zur Newsletter-Anmeldung<\/h6><\/div><\/div><div class=\"w-separator size_small with_line width_default thick_1 style_solid color_border align_center\"><div class=\"w-separator-h\"><\/div><\/div><div class=\"w-image align_none\"><a title=\"Augenblicke eingefangen\" target=\" _blank\" rel=\"nofollow\" href=\"https:\/\/www.augenblicke-eingefangen.de\/catalog\/index.php\" aria-label=\"augenblicke\" class=\"w-image-h\"><img decoding=\"async\" width=\"636\" height=\"98\" src=\"https:\/\/wildlife-workshop.de\/wp-content\/uploads\/2018\/08\/augenblicke.png\" class=\"attachment-large size-large\" alt=\"\" loading=\"lazy\" srcset=\"https:\/\/wildlife-workshop.de\/wp-content\/uploads\/2018\/08\/augenblicke.png 636w, https:\/\/wildlife-workshop.de\/wp-content\/uploads\/2018\/08\/augenblicke-300x46.png 300w\" sizes=\"auto, (max-width: 636px) 100vw, 636px\" \/><\/a><\/div><\/div><\/div><\/div><\/div><\/div><\/section>\n","protected":false},"excerpt":{"rendered":"Wissenswertes zu unseren Workshops Welche Voraussetzungen muss man als Fotograf mitbringen, um an einer Fotoexkursion bei Wildlife-Workshop teilzunehmen? Fotografisch m\u00fcssen Sie kein Profi sein, sollten aber wissen, wo bei einer Spiegelreflexkamera vorn und hinten ist. Den Rest lernen Sie dann bei uns. Wie buche ich einen Workshop bei euch?? Auf jeder Workshop-Seite haben wir f\u00fcr...","protected":false},"author":1,"featured_media":0,"parent":0,"menu_order":0,"comment_status":"closed","ping_status":"closed","template":"","meta":{"footnotes":""},"class_list":["post-99","page","type-page","status-publish","hentry"],"_links":{"self":[{"href":"https:\/\/wildlife-workshop.de\/index.php?rest_route=\/wp\/v2\/pages\/99","targetHints":{"allow":["GET"]}}],"collection":[{"href":"https:\/\/wildlife-workshop.de\/index.php?rest_route=\/wp\/v2\/pages"}],"about":[{"href":"https:\/\/wildlife-workshop.de\/index.php?rest_route=\/wp\/v2\/types\/page"}],"author":[{"embeddable":true,"href":"https:\/\/wildlife-workshop.de\/index.php?rest_route=\/wp\/v2\/users\/1"}],"replies":[{"embeddable":true,"href":"https:\/\/wildlife-workshop.de\/index.php?rest_route=%2Fwp%2Fv2%2Fcomments&post=99"}],"version-history":[{"count":9,"href":"https:\/\/wildlife-workshop.de\/index.php?rest_route=\/wp\/v2\/pages\/99\/revisions"}],"predecessor-version":[{"id":1154,"href":"https:\/\/wildlife-workshop.de\/index.php?rest_route=\/wp\/v2\/pages\/99\/revisions\/1154"}],"wp:attachment":[{"href":"https:\/\/wildlife-workshop.de\/index.php?rest_route=%2Fwp%2Fv2%2Fmedia&parent=99"}],"curies":[{"name":"wp","href":"https:\/\/api.w.org\/{rel}","templated":true}]}}